{"id":15,"date":"2023-12-15T09:17:58","date_gmt":"2023-12-15T08:17:58","guid":{"rendered":"https:\/\/jadvoyages.fr\/?page_id=15"},"modified":"2023-12-19T13:28:45","modified_gmt":"2023-12-19T12:28:45","slug":"services","status":"publish","type":"page","link":"https:\/\/jadvoyages.fr\/index.php\/services\/","title":{"rendered":"Services"},"content":{"rendered":"<p>[et_pb_section fb_built=&#8221;1&#8243; fullwidth=&#8221;on&#8221; _builder_version=&#8221;4.23.1&#8243; _module_preset=&#8221;default&#8221; da_disable_devices=&#8221;off|off|off&#8221; global_colors_info=&#8221;{}&#8221; theme_builder_area=&#8221;post_content&#8221; da_is_popup=&#8221;off&#8221; da_exit_intent=&#8221;off&#8221; da_has_close=&#8221;on&#8221; da_alt_close=&#8221;off&#8221; da_dark_close=&#8221;off&#8221; da_not_modal=&#8221;on&#8221; da_is_singular=&#8221;off&#8221; da_with_loader=&#8221;off&#8221; da_has_shadow=&#8221;on&#8221;][et_pb_fullwidth_header title=&#8221;@ET-DC@eyJkeW5hbWljIjp0cnVlLCJjb250ZW50IjoicG9zdF90aXRsZSIsInNldHRpbmdzIjp7ImJlZm9yZSI6IiIsImFmdGVyIjoiIn19@&#8221; background_overlay_color=&#8221;rgba(0,0,0,0.33)&#8221; _builder_version=&#8221;4.23.1&#8243; _dynamic_attributes=&#8221;title,content&#8221; _module_preset=&#8221;default&#8221; title_font=&#8221;||||||||&#8221; title_font_size=&#8221;65px&#8221; content_font=&#8221;||on|on|||||&#8221; content_text_align=&#8221;right&#8221; content_text_color=&#8221;#FFFFFF&#8221; content_font_size=&#8221;13px&#8221; content_letter_spacing=&#8221;2px&#8221; content_link_font=&#8221;||||||||&#8221; content_link_text_color=&#8221;gcid-6b57ff9a-0534-4919-aa32-e60deeb8cbfe&#8221; background_enable_color=&#8221;off&#8221; background_image=&#8221;https:\/\/jadvoyages.fr\/wp-content\/uploads\/2023\/12\/pexels-jimmy-teoh-1010657-scaled.jpg&#8221; background_enable_pattern_style=&#8221;on&#8221; background_pattern_style=&#8221;zig-zag&#8221; background_pattern_color=&#8221;rgba(78,140,114,0.39)&#8221; background_pattern_size=&#8221;cover&#8221; custom_padding=&#8221;8%||8%||true|false&#8221; hover_enabled=&#8221;0&#8243; title_font_size_tablet=&#8221;45px&#8221; title_font_size_phone=&#8221;30px&#8221; title_font_size_last_edited=&#8221;on|phone&#8221; global_colors_info=&#8221;{%22gcid-6b57ff9a-0534-4919-aa32-e60deeb8cbfe%22:%91%22content_link_text_color%22%93}&#8221; theme_builder_area=&#8221;post_content&#8221; sticky_enabled=&#8221;0&#8243;]@ET-DC@eyJkeW5hbWljIjp0cnVlLCJjb250ZW50IjoicG9zdF9saW5rIiwic2V0dGluZ3MiOnsiYmVmb3JlIjoiQklFTlZFTlVFIHwgIiwiYWZ0ZXIiOiIiLCJ0ZXh0IjoicG9zdF90aXRsZSIsImN1c3RvbV90ZXh0IjoiIn19@[\/et_pb_fullwidth_header][\/et_pb_section][et_pb_section fb_built=&#8221;1&#8243; _builder_version=&#8221;4.23.1&#8243; background_image=&#8221;https:\/\/jadvoyages.fr\/wp-content\/uploads\/2023\/12\/home-background.png&#8221; da_disable_devices=&#8221;off|off|off&#8221; global_colors_info=&#8221;{}&#8221; da_is_popup=&#8221;off&#8221; da_exit_intent=&#8221;off&#8221; da_has_close=&#8221;on&#8221; da_alt_close=&#8221;off&#8221; da_dark_close=&#8221;off&#8221; da_not_modal=&#8221;on&#8221; da_is_singular=&#8221;off&#8221; da_with_loader=&#8221;off&#8221; da_has_shadow=&#8221;on&#8221;][et_pb_row _builder_version=&#8221;4.23.1&#8243; hover_enabled=&#8221;0&#8243; global_colors_info=&#8221;{}&#8221; custom_padding=&#8221;||0px||false|false&#8221; sticky_enabled=&#8221;0&#8243;][et_pb_column type=&#8221;4_4&#8243; _builder_version=&#8221;4.16&#8243; global_colors_info=&#8221;{}&#8221;][et_pb_text content_last_edited=&#8221;off|phone&#8221; module_class=&#8221;subheading&#8221; _builder_version=&#8221;4.23.1&#8243; header_font=&#8221;|300|||||||&#8221; header_2_font=&#8221;|600|||||||&#8221; header_2_text_color=&#8221;gcid-5363e0e2-59a6-4c94-b570-8eaa8ffe1b08&#8243; header_2_font_size=&#8221;45px&#8221; header_2_line_height=&#8221;1.1em&#8221; header_5_text_color=&#8221;#002140&#8243; header_5_font_size=&#8221;13px&#8221; header_5_letter_spacing=&#8221;0.1em&#8221; header_5_line_height=&#8221;1.8em&#8221; header_6_text_color=&#8221;#002140&#8243; header_6_font_size=&#8221;13px&#8221; header_6_letter_spacing=&#8221;0.1em&#8221; header_6_line_height=&#8221;1.8em&#8221; text_orientation=&#8221;center&#8221; custom_margin_tablet=&#8221;&#8221; custom_margin_phone=&#8221;50px||||false|false&#8221; custom_margin_last_edited=&#8221;on|desktop&#8221; header_text_align_tablet=&#8221;center&#8221; header_text_align_phone=&#8221;center&#8221; header_text_align_last_edited=&#8221;on|phone&#8221; header_5_text_align_tablet=&#8221;left&#8221; header_5_text_align_phone=&#8221;center&#8221; header_5_text_align_last_edited=&#8221;on|phone&#8221; header_6_text_align_tablet=&#8221;left&#8221; header_6_text_align_phone=&#8221;center&#8221; header_6_text_align_last_edited=&#8221;on|phone&#8221; locked=&#8221;off&#8221; global_colors_info=&#8221;{%22gcid-5363e0e2-59a6-4c94-b570-8eaa8ffe1b08%22:%91%22header_2_text_color%22%93}&#8221;]<\/p>\n<h5><b> Forfaits de voyage<\/b><\/h5>\n<h2>Prestations de service<\/h2>\n<p><em><strong>Bienvenue dans l&#8217;Univers des Voyages sur Mesure de Jad Voyages<\/strong><\/em><\/p>\n<p>Chez Jad Voyages, nous croyons que chaque voyage est une histoire unique, un r\u00eave \u00e0 r\u00e9aliser. C&#8217;est pourquoi nous avons con\u00e7u une gamme de services exclusifs pour r\u00e9pondre \u00e0 toutes vos envies d&#8217;\u00e9vasion, quelle que soit votre id\u00e9e du voyage parfaite.<\/p>\n<p>[\/et_pb_text][\/et_pb_column][\/et_pb_row][et_pb_row _builder_version=&#8221;4.23.1&#8243; _module_preset=&#8221;default&#8221; column_structure=&#8221;1_2,1_2&#8243; hover_enabled=&#8221;0&#8243; sticky_enabled=&#8221;0&#8243;][et_pb_column _builder_version=&#8221;4.23.1&#8243; _module_preset=&#8221;default&#8221; type=&#8221;1_2&#8243;][et_pb_image src=&#8221;https:\/\/jadvoyages.fr\/wp-content\/uploads\/2023\/12\/pexels-asad-photo-maldives-3155726-2-1.jpg&#8221; _builder_version=&#8221;4.23.1&#8243; _module_preset=&#8221;default&#8221; hover_enabled=&#8221;0&#8243; sticky_enabled=&#8221;0&#8243; title_text=&#8221;pexels-asad-photo-maldives-3155726 (2) (1)&#8221; box_shadow_style=&#8221;preset1&#8243; animation_direction=&#8221;right&#8221;][\/et_pb_image][\/et_pb_column][et_pb_column _builder_version=&#8221;4.23.1&#8243; _module_preset=&#8221;default&#8221; type=&#8221;1_2&#8243; custom_padding=&#8221;3%||3%||true|false&#8221; hover_enabled=&#8221;0&#8243; sticky_enabled=&#8221;0&#8243;][et_pb_text _builder_version=&#8221;4.23.1&#8243; _module_preset=&#8221;default&#8221; hover_enabled=&#8221;0&#8243; sticky_enabled=&#8221;0&#8243;]<\/p>\n<h2>Vacances en Famille<\/h2>\n<p>Des moments inoubliables vous attendent avec nos voyages sp\u00e9cialement adapt\u00e9s aux familles. Nous cr\u00e9ons des exp\u00e9riences enrichissantes pour tous les \u00e2ges, combinant aventure, d\u00e9tente et d\u00e9couverte. Laissez-nous transformer vos vacances en famille en souvenirs pr\u00e9cieux qui dureront toute une vie.<\/p>\n<p>[\/et_pb_text][et_pb_button button_text=&#8221;VOYAGE SUR MESURE&#8221; _builder_version=&#8221;4.23.1&#8243; _module_preset=&#8221;default&#8221; button_url=&#8221;#ED&#8221; hover_enabled=&#8221;0&#8243; sticky_enabled=&#8221;0&#8243;][\/et_pb_button][\/et_pb_column][\/et_pb_row][et_pb_row _builder_version=&#8221;4.23.1&#8243; _module_preset=&#8221;default&#8221; column_structure=&#8221;1_2,1_2&#8243; hover_enabled=&#8221;0&#8243; sticky_enabled=&#8221;0&#8243;][et_pb_column _builder_version=&#8221;4.23.1&#8243; _module_preset=&#8221;default&#8221; type=&#8221;1_2&#8243; custom_padding=&#8221;3%||3%||true|false&#8221; hover_enabled=&#8221;0&#8243; sticky_enabled=&#8221;0&#8243;][et_pb_image src=&#8221;https:\/\/jadvoyages.fr\/wp-content\/uploads\/2023\/12\/pexels-thorsten-technoman-338504-2-1.jpg&#8221; _builder_version=&#8221;4.23.1&#8243; _module_preset=&#8221;default&#8221; hover_enabled=&#8221;0&#8243; sticky_enabled=&#8221;0&#8243; title_text=&#8221;pexels-thorsten-technoman-338504 (2) (1)&#8221; box_shadow_style=&#8221;preset1&#8243; disabled_on=&#8221;off|off|on&#8221;][\/et_pb_image][et_pb_text _builder_version=&#8221;4.23.1&#8243; _module_preset=&#8221;default&#8221; hover_enabled=&#8221;0&#8243; sticky_enabled=&#8221;0&#8243;]<\/p>\n<h2>Voyages de Luxe<br \/>\n<\/h2>\n<p>Pour ceux qui recherchent l&#8217;exclusivit\u00e9 et le raffinement, nos s\u00e9jours de luxe offrent une \u00e9vasion hors du commun. Des h\u00e9bergements somptueux aux exp\u00e9riences personnalis\u00e9es, chaque d\u00e9tail est soigneusement pens\u00e9 pour vous offrir le summum du confort et de l&#8217;\u00e9l\u00e9gance.<br \/>\n[\/et_pb_text][et_pb_button button_text=&#8221;VOYAGE SUR MESURE&#8221; _builder_version=&#8221;4.23.1&#8243; _module_preset=&#8221;default&#8221; button_url=&#8221;#ED&#8221; hover_enabled=&#8221;0&#8243; sticky_enabled=&#8221;0&#8243;][\/et_pb_button][\/et_pb_column][et_pb_column _builder_version=&#8221;4.23.1&#8243; _module_preset=&#8221;default&#8221; type=&#8221;1_2&#8243;][et_pb_image src=&#8221;https:\/\/jadvoyages.fr\/wp-content\/uploads\/2023\/12\/pexels-thorsten-technoman-338504-2-1.jpg&#8221; _builder_version=&#8221;4.23.1&#8243; _module_preset=&#8221;default&#8221; hover_enabled=&#8221;0&#8243; sticky_enabled=&#8221;0&#8243; title_text=&#8221;pexels-thorsten-technoman-338504 (2) (1)&#8221; box_shadow_style=&#8221;preset1&#8243; disabled_on=&#8221;on|on|off&#8221;][\/et_pb_image][\/et_pb_column][\/et_pb_row][et_pb_row _builder_version=&#8221;4.23.1&#8243; _module_preset=&#8221;default&#8221; column_structure=&#8221;1_2,1_2&#8243; hover_enabled=&#8221;0&#8243; sticky_enabled=&#8221;0&#8243; locked=&#8221;off&#8221;][et_pb_column _builder_version=&#8221;4.23.1&#8243; _module_preset=&#8221;default&#8221; type=&#8221;1_2&#8243;][et_pb_image src=&#8221;https:\/\/jadvoyages.fr\/wp-content\/uploads\/2023\/12\/pexels-hyukman-kwon-13412090-2-1.jpg&#8221; _builder_version=&#8221;4.23.1&#8243; _module_preset=&#8221;default&#8221; hover_enabled=&#8221;0&#8243; sticky_enabled=&#8221;0&#8243; title_text=&#8221;pexels-hyukman-kwon-13412090 (2) (1)&#8221; box_shadow_style=&#8221;preset1&#8243; animation_direction=&#8221;right&#8221;][\/et_pb_image][\/et_pb_column][et_pb_column _builder_version=&#8221;4.23.1&#8243; _module_preset=&#8221;default&#8221; type=&#8221;1_2&#8243; custom_padding=&#8221;3%||3%||true|false&#8221; hover_enabled=&#8221;0&#8243; sticky_enabled=&#8221;0&#8243;][et_pb_text _builder_version=&#8221;4.23.1&#8243; _module_preset=&#8221;default&#8221; hover_enabled=&#8221;0&#8243; sticky_enabled=&#8221;0&#8243;]<\/p>\n<h2>Aventures Solo<\/h2>\n<p>Voyager seul est une aventure en soi, et nos itin\u00e9raires personnalis\u00e9s pour voyageurs individuels sont con\u00e7us pour r\u00e9pondre \u00e0 vos d\u00e9sirs d&#8217;ind\u00e9pendance et de d\u00e9couverte. Que vous cherchiez l&#8217;aventure, la culture ou la tranquillit\u00e9, nous vous promettons un voyage qui vous ressemble.<br \/>\n[\/et_pb_text][et_pb_button button_text=&#8221;VOYAGE SUR MESURE&#8221; _builder_version=&#8221;4.23.1&#8243; _module_preset=&#8221;default&#8221; button_url=&#8221;#ED&#8221; hover_enabled=&#8221;0&#8243; sticky_enabled=&#8221;0&#8243;][\/et_pb_button][\/et_pb_column][\/et_pb_row][et_pb_row _builder_version=&#8221;4.23.1&#8243; _module_preset=&#8221;default&#8221; column_structure=&#8221;1_2,1_2&#8243; hover_enabled=&#8221;0&#8243; sticky_enabled=&#8221;0&#8243; locked=&#8221;off&#8221;][et_pb_column _builder_version=&#8221;4.23.1&#8243; _module_preset=&#8221;default&#8221; type=&#8221;1_2&#8243; custom_padding=&#8221;3%||3%||true|false&#8221; hover_enabled=&#8221;0&#8243; sticky_enabled=&#8221;0&#8243;][et_pb_image src=&#8221;https:\/\/jadvoyages.fr\/wp-content\/uploads\/2023\/12\/pexels-fu-zhichao-587741-2-1.jpg&#8221; _builder_version=&#8221;4.23.1&#8243; _module_preset=&#8221;default&#8221; hover_enabled=&#8221;0&#8243; sticky_enabled=&#8221;0&#8243; title_text=&#8221;pexels-fu-zhichao-587741 (2) (1)&#8221; box_shadow_style=&#8221;preset1&#8243; disabled_on=&#8221;off|off|on&#8221;][\/et_pb_image][et_pb_text _builder_version=&#8221;4.23.1&#8243; _module_preset=&#8221;default&#8221; hover_enabled=&#8221;0&#8243; sticky_enabled=&#8221;0&#8243;]<\/p>\n<h2>\u00c9v\u00e9nements et S\u00e9minaires<br \/>\n<\/h2>\n<p>Jad Voyages est \u00e9galement votre partenaire privil\u00e9gi\u00e9 pour l&#8217;organisation d&#8217;\u00e9v\u00e9nements et de s\u00e9minaires. Nous combinons des lieux exceptionnels avec une planification impeccable pour garantir le succ\u00e8s de vos \u00e9v\u00e9nements professionnels.<br \/>\n[\/et_pb_text][et_pb_button button_text=&#8221;VOYAGE SUR MESURE&#8221; _builder_version=&#8221;4.23.1&#8243; _module_preset=&#8221;default&#8221; button_url=&#8221;#ED&#8221; hover_enabled=&#8221;0&#8243; sticky_enabled=&#8221;0&#8243;][\/et_pb_button][\/et_pb_column][et_pb_column _builder_version=&#8221;4.23.1&#8243; _module_preset=&#8221;default&#8221; type=&#8221;1_2&#8243;][et_pb_image src=&#8221;https:\/\/jadvoyages.fr\/wp-content\/uploads\/2023\/12\/pexels-fu-zhichao-587741-2-1.jpg&#8221; _builder_version=&#8221;4.23.1&#8243; _module_preset=&#8221;default&#8221; hover_enabled=&#8221;0&#8243; sticky_enabled=&#8221;0&#8243; title_text=&#8221;pexels-fu-zhichao-587741 (2) (1)&#8221; box_shadow_style=&#8221;preset1&#8243; disabled_on=&#8221;on|on|off&#8221;][\/et_pb_image][\/et_pb_column][\/et_pb_row][\/et_pb_section][et_pb_section fb_built=&#8221;1&#8243; use_custom_gutter=&#8221;on&#8221; gutter_width=&#8221;1&#8243; specialty=&#8221;on&#8221; padding_top_1=&#8221;4%&#8221; padding_top_2=&#8221;0px&#8221; padding_right_1=&#8221;8%&#8221; padding_bottom_1=&#8221;4%&#8221; padding_bottom_2=&#8221;0px&#8221; padding_left_1=&#8221;8%&#8221; padding_top_bottom_link_1=&#8221;true&#8221; padding_top_bottom_link_2=&#8221;true&#8221; padding_left_right_link_1=&#8221;true&#8221; padding_left_right_link_2=&#8221;false&#8221; padding_1_tablet=&#8221;&#8221; padding_1_phone=&#8221;&#8221; padding_1_last_edited=&#8221;on|phone&#8221; _builder_version=&#8221;4.23.1&#8243; background_color=&#8221;gcid-5363e0e2-59a6-4c94-b570-8eaa8ffe1b08&#8243; use_background_color_gradient=&#8221;on&#8221; background_color_gradient_repeat=&#8221;on&#8221; background_color_gradient_direction=&#8221;90deg&#8221; background_color_gradient_stops=&#8221;rgba(78,140,114,0.9) 0%|rgba(78,140,114,0.89) 99%&#8221; background_color_gradient_overlays_image=&#8221;on&#8221; background_image=&#8221;https:\/\/jadvoyages.fr\/wp-content\/uploads\/2023\/12\/63e27e88f889513cba159407_Rectangle-117.webp&#8221; parallax=&#8221;on&#8221; parallax_method=&#8221;off&#8221; inner_width=&#8221;100%&#8221; inner_max_width=&#8221;100%&#8221; custom_padding=&#8221;0px|0px|0px|0px|true|true&#8221; top_divider_color=&#8221;#ffffff&#8221; bottom_divider_color=&#8221;#ffffff&#8221; da_disable_devices=&#8221;off|off|off&#8221; global_colors_info=&#8221;{%22gcid-5363e0e2-59a6-4c94-b570-8eaa8ffe1b08%22:%91%22background_color_gradient_stops%22,%22background_color%22%93}&#8221; da_is_popup=&#8221;off&#8221; da_exit_intent=&#8221;off&#8221; da_has_close=&#8221;on&#8221; da_alt_close=&#8221;off&#8221; da_dark_close=&#8221;off&#8221; da_not_modal=&#8221;on&#8221; da_is_singular=&#8221;off&#8221; da_with_loader=&#8221;off&#8221; da_has_shadow=&#8221;on&#8221;][et_pb_column type=&#8221;1_2&#8243; specialty_columns=&#8221;2&#8243; _builder_version=&#8221;4.16&#8243; custom_padding=&#8221;|||&#8221; global_colors_info=&#8221;{}&#8221; custom_padding__hover=&#8221;|||&#8221;][et_pb_row_inner column_structure=&#8221;undefined&#8221; _builder_version=&#8221;4.23.1&#8243; global_colors_info=&#8221;{}&#8221;][et_pb_column_inner type=&#8221;undefined&#8221; saved_specialty_column_type=&#8221;1_2&#8243; _builder_version=&#8221;4.23.1&#8243; global_colors_info=&#8221;{}&#8221;][et_pb_text module_class=&#8221;subheading&#8221; _builder_version=&#8221;4.23.1&#8243; text_text_color=&#8221;#FFFFFF&#8221; header_font=&#8221;|300|||||||&#8221; header_2_font=&#8221;|600|||||||&#8221; header_2_text_color=&#8221;#FFFFFF&#8221; header_2_line_height=&#8221;1.1em&#8221; header_6_text_color=&#8221;#FFFFFF&#8221; header_6_font_size=&#8221;13px&#8221; header_6_letter_spacing=&#8221;0.1em&#8221; header_6_line_height=&#8221;1.8em&#8221; hover_enabled=&#8221;0&#8243; global_colors_info=&#8221;{}&#8221; sticky_enabled=&#8221;0&#8243;]<\/p>\n<h6><b>votre satisfaction <\/b><\/h6>\n<h2>Votre Voyage, Notre Passion<br \/>\n<\/h2>\n<p>Chez Jad Voyages, votre satisfaction est notre priorit\u00e9. Laissez-nous vous guider vers votre prochaine grande aventure.[\/et_pb_text][\/et_pb_column_inner][\/et_pb_row_inner][et_pb_row_inner column_structure=&#8221;1_3,1_3,1_3&#8243; _builder_version=&#8221;4.23.1&#8243; custom_padding=&#8221;5px||5px||true|false&#8221; global_colors_info=&#8221;{}&#8221;][et_pb_column_inner type=&#8221;1_3&#8243; saved_specialty_column_type=&#8221;1_2&#8243; _builder_version=&#8221;4.16&#8243; global_colors_info=&#8221;{}&#8221;][et_pb_number_counter title=&#8221;Ann\u00e9e d&#8217;exp\u00e9rience&#8221; number=&#8221;20+&#8221; percent_sign=&#8221;off&#8221; _builder_version=&#8221;4.23.1&#8243; title_font=&#8221;|600|||||||&#8221; title_text_align=&#8221;center&#8221; title_text_color=&#8221;#FFFFFF&#8221; title_font_size=&#8221;15px&#8221; number_font=&#8221;|700|||||||&#8221; number_text_color=&#8221;#FFFFFF&#8221; number_font_size=&#8221;50px&#8221; background_enable_color=&#8221;off&#8221; background_layout=&#8221;dark&#8221; custom_css_number_counter_title=&#8221;margin-top: -15px;&#8221; global_colors_info=&#8221;{}&#8221;][\/et_pb_number_counter][\/et_pb_column_inner][et_pb_column_inner type=&#8221;1_3&#8243; saved_specialty_column_type=&#8221;1_2&#8243; _builder_version=&#8221;4.16&#8243; global_colors_info=&#8221;{}&#8221;][et_pb_number_counter title=&#8221;Trips&#8221; number=&#8221;200+&#8221; percent_sign=&#8221;off&#8221; _builder_version=&#8221;4.16&#8243; title_font=&#8221;|600|||||||&#8221; title_text_align=&#8221;center&#8221; title_text_color=&#8221;#FFFFFF&#8221; title_font_size=&#8221;15px&#8221; number_font=&#8221;|700|||||||&#8221; number_text_color=&#8221;#FFFFFF&#8221; number_font_size=&#8221;50px&#8221; background_enable_color=&#8221;off&#8221; background_layout=&#8221;dark&#8221; custom_css_number_counter_title=&#8221;margin-top: -15px;&#8221; global_colors_info=&#8221;{}&#8221;][\/et_pb_number_counter][\/et_pb_column_inner][et_pb_column_inner type=&#8221;1_3&#8243; saved_specialty_column_type=&#8221;1_2&#8243; _builder_version=&#8221;4.16&#8243; global_colors_info=&#8221;{}&#8221;][et_pb_number_counter title=&#8221;Customer&#8221; number=&#8221;500+&#8221; percent_sign=&#8221;off&#8221; _builder_version=&#8221;4.16&#8243; title_font=&#8221;|600|||||||&#8221; title_text_align=&#8221;center&#8221; title_text_color=&#8221;#FFFFFF&#8221; title_font_size=&#8221;15px&#8221; number_font=&#8221;|700|||||||&#8221; number_text_color=&#8221;#FFFFFF&#8221; number_font_size=&#8221;50px&#8221; background_enable_color=&#8221;off&#8221; background_layout=&#8221;dark&#8221; custom_css_number_counter_title=&#8221;margin-top: -15px;&#8221; global_colors_info=&#8221;{}&#8221;][\/et_pb_number_counter][\/et_pb_column_inner][\/et_pb_row_inner][\/et_pb_column][et_pb_column type=&#8221;1_2&#8243; _builder_version=&#8221;4.16&#8243; custom_padding=&#8221;|||&#8221; global_colors_info=&#8221;{}&#8221; custom_padding__hover=&#8221;|||&#8221;][et_pb_image src=&#8221;https:\/\/jadvoyages.fr\/wp-content\/uploads\/2023\/12\/background-5.png&#8221; title_text=&#8221;background-5&#8243; show_bottom_space=&#8221;off&#8221; _builder_version=&#8221;4.23.1&#8243; _module_preset=&#8221;default&#8221; global_colors_info=&#8221;{}&#8221;][\/et_pb_image][\/et_pb_column][\/et_pb_section][et_pb_section fb_built=&#8221;1&#8243; _builder_version=&#8221;4.23.1&#8243; da_disable_devices=&#8221;off|off|off&#8221; global_colors_info=&#8221;{}&#8221; da_is_popup=&#8221;off&#8221; da_exit_intent=&#8221;off&#8221; da_has_close=&#8221;on&#8221; da_alt_close=&#8221;off&#8221; da_dark_close=&#8221;off&#8221; da_not_modal=&#8221;on&#8221; da_is_singular=&#8221;off&#8221; da_with_loader=&#8221;off&#8221; da_has_shadow=&#8221;on&#8221;][et_pb_row _builder_version=&#8221;4.23.1&#8243; locked=&#8221;off&#8221; global_colors_info=&#8221;{}&#8221;][et_pb_column type=&#8221;4_4&#8243; _builder_version=&#8221;4.16&#8243; global_colors_info=&#8221;{}&#8221;][et_pb_text content_last_edited=&#8221;off|phone&#8221; module_class=&#8221;subheading&#8221; _builder_version=&#8221;4.23.1&#8243; header_font=&#8221;|300|||||||&#8221; header_2_font=&#8221;|600|||||||&#8221; header_2_text_color=&#8221;gcid-5363e0e2-59a6-4c94-b570-8eaa8ffe1b08&#8243; header_2_font_size=&#8221;45px&#8221; header_2_line_height=&#8221;1.1em&#8221; header_5_font=&#8221;|||on|||||&#8221; header_5_text_color=&#8221;gcid-5363e0e2-59a6-4c94-b570-8eaa8ffe1b08&#8243; header_5_font_size=&#8221;13px&#8221; header_5_letter_spacing=&#8221;0.1em&#8221; header_5_line_height=&#8221;1.8em&#8221; header_6_text_color=&#8221;gcid-36720b48-fd38-4ca0-8e8b-94d3e437b2bb&#8221; header_6_font_size=&#8221;13px&#8221; header_6_letter_spacing=&#8221;0.1em&#8221; header_6_line_height=&#8221;1.8em&#8221; text_orientation=&#8221;center&#8221; custom_margin_tablet=&#8221;&#8221; custom_margin_phone=&#8221;50px||||false|false&#8221; custom_margin_last_edited=&#8221;on|desktop&#8221; header_text_align_tablet=&#8221;center&#8221; header_text_align_phone=&#8221;center&#8221; header_text_align_last_edited=&#8221;on|phone&#8221; header_5_text_align_tablet=&#8221;left&#8221; header_5_text_align_phone=&#8221;center&#8221; header_5_text_align_last_edited=&#8221;on|phone&#8221; header_6_text_align_tablet=&#8221;left&#8221; header_6_text_align_phone=&#8221;center&#8221; header_6_text_align_last_edited=&#8221;on|phone&#8221; locked=&#8221;off&#8221; global_colors_info=&#8221;{%22gcid-36720b48-fd38-4ca0-8e8b-94d3e437b2bb%22:%91%22header_6_text_color%22%93,%22gcid-5363e0e2-59a6-4c94-b570-8eaa8ffe1b08%22:%91%22header_5_text_color%22,%22header_2_text_color%22%93}&#8221;]<\/p>\n<h5><b> T\u00e9moignages Clients<\/b><\/h5>\n<h2>Avis et exp\u00e9riences des clients.<\/h2>\n<p>[\/et_pb_text][\/et_pb_column][\/et_pb_row][et_pb_row column_structure=&#8221;1_2,1_2&#8243; _builder_version=&#8221;4.23.1&#8243; _module_preset=&#8221;default&#8221; global_colors_info=&#8221;{}&#8221; global_module=&#8221;5126&#8243; theme_builder_area=&#8221;post_content&#8221;][et_pb_column type=&#8221;1_2&#8243; _builder_version=&#8221;4.23.1&#8243; _module_preset=&#8221;default&#8221; background_color=&#8221;#FFFFFF&#8221; custom_padding=&#8221;|15px|25px|15px|false|true&#8221; box_shadow_style=&#8221;preset1&#8243; global_colors_info=&#8221;{}&#8221; theme_builder_area=&#8221;post_content&#8221;][et_pb_testimonial portrait_url=&#8221;https:\/\/jadvoyages.fr\/wp-content\/uploads\/2023\/12\/pexels-haley-black-2087391-1.jpg&#8221; quote_icon_color=&#8221;gcid-5363e0e2-59a6-4c94-b570-8eaa8ffe1b08&#8243; font_icon=&#8221;&#xf10d;||fa||900&#8243; _builder_version=&#8221;4.23.1&#8243; _module_preset=&#8221;default&#8221; body_text_color=&#8221;#000000&#8243; body_font_size=&#8221;16px&#8221; use_background_color=&#8221;off&#8221; custom_css_main_element=&#8221;font-weight: 400;&#8221; global_colors_info=&#8221;{%22gcid-5363e0e2-59a6-4c94-b570-8eaa8ffe1b08%22:%91%22quote_icon_color%22%93}&#8221; theme_builder_area=&#8221;post_content&#8221;]<\/p>\n<p>Your content goes here. Edit or remove this text inline or in the module Content settings. You can also style.<\/p>\n<p><img decoding=\"async\" src=\"https:\/\/jadvoyages.fr\/wp-content\/uploads\/2023\/12\/Screenshot_2.png\" width=\"104\" height=\"28\" alt=\"\" class=\"wp-image-5049 alignnone size-full\" \/><\/p>\n<p>[\/et_pb_testimonial][\/et_pb_column][et_pb_column type=&#8221;1_2&#8243; _builder_version=&#8221;4.23.1&#8243; _module_preset=&#8221;default&#8221; background_color=&#8221;#FFFFFF&#8221; custom_padding=&#8221;|15px|25px|15px|false|true&#8221; box_shadow_style=&#8221;preset1&#8243; global_colors_info=&#8221;{}&#8221; theme_builder_area=&#8221;post_content&#8221;][et_pb_testimonial portrait_url=&#8221;https:\/\/jadvoyages.fr\/wp-content\/uploads\/2023\/12\/pexels-haley-black-2087391-1.jpg&#8221; quote_icon_color=&#8221;gcid-5363e0e2-59a6-4c94-b570-8eaa8ffe1b08&#8243; font_icon=&#8221;&#xf10d;||fa||900&#8243; _builder_version=&#8221;4.23.1&#8243; _module_preset=&#8221;default&#8221; body_text_color=&#8221;#000000&#8243; body_font_size=&#8221;16px&#8221; use_background_color=&#8221;off&#8221; custom_css_main_element=&#8221;font-weight: 400;&#8221; global_colors_info=&#8221;{%22gcid-5363e0e2-59a6-4c94-b570-8eaa8ffe1b08%22:%91%22quote_icon_color%22%93}&#8221; theme_builder_area=&#8221;post_content&#8221;]<\/p>\n<p>Your content goes here. Edit or remove this text inline or in the module Content settings. You can also style.<\/p>\n<p><img decoding=\"async\" src=\"https:\/\/jadvoyages.fr\/wp-content\/uploads\/2023\/12\/Screenshot_2.png\" width=\"104\" height=\"28\" alt=\"\" class=\"wp-image-5049 alignnone size-full\" \/><\/p>\n<p>[\/et_pb_testimonial][\/et_pb_column][\/et_pb_row][\/et_pb_section]<\/p>\n","protected":false},"excerpt":{"rendered":"<p>Forfaits de voyage Prestations de service Bienvenue dans l&#8217;Univers des Voyages sur Mesure de Jad Voyages Chez Jad Voyages, nous croyons que chaque voyage est une histoire unique, un r\u00eave \u00e0 r\u00e9aliser. C&#8217;est pourquoi nous avons con\u00e7u une gamme de services exclusifs pour r\u00e9pondre \u00e0 toutes vos envies d&#8217;\u00e9vasion, quelle que soit votre id\u00e9e du [&hellip;]<\/p>\n","protected":false},"author":1,"featured_media":0,"parent":0,"menu_order":0,"comment_status":"closed","ping_status":"closed","template":"","meta":{"_et_pb_use_builder":"on","_et_pb_old_content":"","_et_gb_content_width":"","footnotes":""},"class_list":["post-15","page","type-page","status-publish","hentry"],"_links":{"self":[{"href":"https:\/\/jadvoyages.fr\/index.php\/wp-json\/wp\/v2\/pages\/15","targetHints":{"allow":["GET"]}}],"collection":[{"href":"https:\/\/jadvoyages.fr\/index.php\/wp-json\/wp\/v2\/pages"}],"about":[{"href":"https:\/\/jadvoyages.fr\/index.php\/wp-json\/wp\/v2\/types\/page"}],"author":[{"embeddable":true,"href":"https:\/\/jadvoyages.fr\/index.php\/wp-json\/wp\/v2\/users\/1"}],"replies":[{"embeddable":true,"href":"https:\/\/jadvoyages.fr\/index.php\/wp-json\/wp\/v2\/comments?post=15"}],"version-history":[{"count":5,"href":"https:\/\/jadvoyages.fr\/index.php\/wp-json\/wp\/v2\/pages\/15\/revisions"}],"predecessor-version":[{"id":5141,"href":"https:\/\/jadvoyages.fr\/index.php\/wp-json\/wp\/v2\/pages\/15\/revisions\/5141"}],"wp:attachment":[{"href":"https:\/\/jadvoyages.fr\/index.php\/wp-json\/wp\/v2\/media?parent=15"}],"curies":[{"name":"wp","href":"https:\/\/api.w.org\/{rel}","templated":true}]}}