{"id":16,"date":"2023-12-15T09:18:03","date_gmt":"2023-12-15T08:18:03","guid":{"rendered":"https:\/\/jadvoyages.fr\/?page_id=16"},"modified":"2023-12-19T13:47:40","modified_gmt":"2023-12-19T12:47:40","slug":"offre-du-moment","status":"publish","type":"page","link":"https:\/\/jadvoyages.fr\/index.php\/offre-du-moment\/","title":{"rendered":"Offre du moment"},"content":{"rendered":"<p>[et_pb_section fb_built=&#8221;1&#8243; fullwidth=&#8221;on&#8221; _builder_version=&#8221;4.23.1&#8243; _module_preset=&#8221;default&#8221; da_disable_devices=&#8221;off|off|off&#8221; global_colors_info=&#8221;{}&#8221; da_is_popup=&#8221;off&#8221; da_exit_intent=&#8221;off&#8221; da_has_close=&#8221;on&#8221; da_alt_close=&#8221;off&#8221; da_dark_close=&#8221;off&#8221; da_not_modal=&#8221;on&#8221; da_is_singular=&#8221;off&#8221; da_with_loader=&#8221;off&#8221; da_has_shadow=&#8221;on&#8221;][et_pb_fullwidth_header title=&#8221;@ET-DC@eyJkeW5hbWljIjp0cnVlLCJjb250ZW50IjoicG9zdF90aXRsZSIsInNldHRpbmdzIjp7ImJlZm9yZSI6IiIsImFmdGVyIjoiIn19@&#8221; background_overlay_color=&#8221;rgba(0,0,0,0.33)&#8221; _builder_version=&#8221;4.23.1&#8243; _dynamic_attributes=&#8221;title,content&#8221; _module_preset=&#8221;default&#8221; title_font=&#8221;||||||||&#8221; title_font_size=&#8221;65px&#8221; content_font=&#8221;||on|on|||||&#8221; content_text_align=&#8221;right&#8221; content_text_color=&#8221;#FFFFFF&#8221; content_font_size=&#8221;13px&#8221; content_letter_spacing=&#8221;2px&#8221; content_link_font=&#8221;||||||||&#8221; content_link_text_color=&#8221;gcid-6b57ff9a-0534-4919-aa32-e60deeb8cbfe&#8221; background_enable_color=&#8221;off&#8221; background_image=&#8221;https:\/\/jadvoyages.fr\/wp-content\/uploads\/2023\/12\/pexels-jimmy-teoh-1010657-scaled.jpg&#8221; background_enable_pattern_style=&#8221;on&#8221; background_pattern_style=&#8221;zig-zag&#8221; background_pattern_color=&#8221;rgba(78,140,114,0.39)&#8221; background_pattern_size=&#8221;cover&#8221; custom_padding=&#8221;8%||8%||true|false&#8221; title_font_size_tablet=&#8221;45px&#8221; title_font_size_phone=&#8221;30px&#8221; title_font_size_last_edited=&#8221;on|phone&#8221; global_colors_info=&#8221;{%22gcid-6b57ff9a-0534-4919-aa32-e60deeb8cbfe%22:%91%22content_link_text_color%22%93}&#8221;]@ET-DC@eyJkeW5hbWljIjp0cnVlLCJjb250ZW50IjoicG9zdF9saW5rIiwic2V0dGluZ3MiOnsiYmVmb3JlIjoiQklFTlZFTlVFIHwgIiwiYWZ0ZXIiOiIiLCJ0ZXh0IjoicG9zdF90aXRsZSIsImN1c3RvbV90ZXh0IjoiIn19@[\/et_pb_fullwidth_header][\/et_pb_section][et_pb_section fb_built=&#8221;1&#8243; _builder_version=&#8221;4.23.1&#8243; background_image=&#8221;https:\/\/jadvoyages.fr\/wp-content\/uploads\/2023\/12\/home-background.png&#8221; da_disable_devices=&#8221;off|off|off&#8221; global_colors_info=&#8221;{}&#8221; da_is_popup=&#8221;off&#8221; da_exit_intent=&#8221;off&#8221; da_has_close=&#8221;on&#8221; da_alt_close=&#8221;off&#8221; da_dark_close=&#8221;off&#8221; da_not_modal=&#8221;on&#8221; da_is_singular=&#8221;off&#8221; da_with_loader=&#8221;off&#8221; da_has_shadow=&#8221;on&#8221;][et_pb_row column_structure=&#8221;1_2,1_2&#8243; make_equal=&#8221;on&#8221; _builder_version=&#8221;4.23.1&#8243; background_color=&#8221;rgba(255,255,255,0.92)&#8221; background_image=&#8221;https:\/\/jadvoyages.fr\/wp-content\/uploads\/2023\/12\/divi-travel-layout-2.png&#8221; background_size=&#8221;contain&#8221; background_blend=&#8221;soft-light&#8221; border_color_all=&#8221;#FFFFFF&#8221; global_colors_info=&#8221;{}&#8221;][et_pb_column type=&#8221;1_2&#8243; _builder_version=&#8221;4.23.1&#8243; background_enable_color=&#8221;off&#8221; background_enable_image=&#8221;off&#8221; background_blend=&#8221;soft-light&#8221; border_width_all=&#8221;4px&#8221; border_color_all=&#8221;#FFFFFF&#8221; global_colors_info=&#8221;{}&#8221;][et_pb_image src=&#8221;https:\/\/jadvoyages.fr\/wp-content\/uploads\/2023\/12\/Blue-and-White-Modern-Travel-and-Tour-Flyer-1.jpg&#8221; title_text=&#8221;Blue and White Modern Travel and Tour Flyer&#8221; _builder_version=&#8221;4.23.1&#8243; transform_translate_tablet=&#8221;&#8221; transform_translate_phone=&#8221;-20px|0px&#8221; transform_translate_last_edited=&#8221;on|phone&#8221; transform_rotate_tablet=&#8221;&#8221; transform_rotate_phone=&#8221;&#8221; transform_rotate_last_edited=&#8221;on|phone&#8221; transform_skew_tablet=&#8221;&#8221; transform_skew_phone=&#8221;&#8221; transform_skew_last_edited=&#8221;on|phone&#8221; transform_origin_tablet=&#8221;&#8221; transform_origin_phone=&#8221;&#8221; transform_origin_last_edited=&#8221;on|phone&#8221; border_width_all=&#8221;5px&#8221; border_color_all=&#8221;#FFFFFF&#8221; box_shadow_style=&#8221;preset1&#8243; global_colors_info=&#8221;{}&#8221; transform_translate__hover_enabled=&#8221;on|desktop&#8221; transform_rotate__hover_enabled=&#8221;on|desktop&#8221; transform_skew__hover_enabled=&#8221;on|desktop&#8221; transform_origin__hover_enabled=&#8221;on|desktop&#8221; transform_translate__hover=&#8221;-57px|0px&#8221;][\/et_pb_image][\/et_pb_column][et_pb_column type=&#8221;1_2&#8243; _builder_version=&#8221;4.23.1&#8243; custom_padding=&#8221;5%||||false|false&#8221; global_colors_info=&#8221;{}&#8221;][et_pb_text content_last_edited=&#8221;off|phone&#8221; module_class=&#8221;subheading&#8221; _builder_version=&#8221;4.23.1&#8243; header_font=&#8221;|300|||||||&#8221; header_2_font=&#8221;|600|||||||&#8221; header_2_text_color=&#8221;gcid-5363e0e2-59a6-4c94-b570-8eaa8ffe1b08&#8243; header_2_line_height=&#8221;1.1em&#8221; header_6_font=&#8221;|||on|||||&#8221; header_6_text_color=&#8221;#002140&#8243; header_6_font_size=&#8221;13px&#8221; header_6_letter_spacing=&#8221;0.1em&#8221; header_6_line_height=&#8221;1.8em&#8221; custom_margin_tablet=&#8221;&#8221; custom_margin_phone=&#8221;50px||||false|false&#8221; custom_margin_last_edited=&#8221;on|desktop&#8221; header_text_align_tablet=&#8221;center&#8221; header_text_align_phone=&#8221;center&#8221; header_text_align_last_edited=&#8221;on|phone&#8221; header_6_text_align_tablet=&#8221;left&#8221; header_6_text_align_phone=&#8221;center&#8221; header_6_text_align_last_edited=&#8221;on|phone&#8221; global_colors_info=&#8221;{%22gcid-5363e0e2-59a6-4c94-b570-8eaa8ffe1b08%22:%91%22header_2_text_color%22%93}&#8221;]<\/p>\n<h6><b> Offre du moment<br \/>\n<\/b><\/h6>\n<h2>D\u00e9couvrez Notre Offre du Moment chez Jad Voyages<\/h2>\n<p>Bienvenue sur notre page d\u00e9di\u00e9e aux offres sp\u00e9ciales, o\u00f9 chaque moment est une opportunit\u00e9 pour s&#8217;\u00e9vader. Chez Jad Voyages, nous sommes ravis de vous pr\u00e9senter nos promotions exclusives, con\u00e7ues pour vous faire d\u00e9couvrir le monde \u00e0 des conditions exceptionnelles.<\/p>\n<p>Que vous r\u00eaviez d&#8217;une escapade romantique, d&#8217;une aventure en famille, ou d&#8217;une retraite solo, notre offre du moment est l\u00e0 pour transformer votre r\u00eave en r\u00e9alit\u00e9, sans compromis sur la qualit\u00e9 et l&#8217;exp\u00e9rience.<\/p>\n<p>Restez \u00e0 l&#8217;aff\u00fbt, nos offres sont constamment renouvel\u00e9es pour vous offrir le meilleur des voyages \u00e0 des prix attractifs. C&#8217;est le moment id\u00e9al pour planifier votre prochaine grande aventure avec Jad Voyages.[\/et_pb_text][et_pb_button button_url=&#8221;#ED&#8221; button_text=&#8221;APPRENDRE ENCORE PLUS&#8221; button_alignment=&#8221;left&#8221; _builder_version=&#8221;4.23.1&#8243; _module_preset=&#8221;default&#8221; global_colors_info=&#8221;{}&#8221;][\/et_pb_button][\/et_pb_column][\/et_pb_row][\/et_pb_section][et_pb_section fb_built=&#8221;1&#8243; _builder_version=&#8221;4.23.1&#8243; background_color=&#8221;gcid-5363e0e2-59a6-4c94-b570-8eaa8ffe1b08&#8243; use_background_color_gradient=&#8221;on&#8221; background_color_gradient_stops=&#8221;#4e8c72 0%|rgba(78,140,114,0.86) 100%&#8221; background_color_gradient_overlays_image=&#8221;on&#8221; background_image=&#8221;https:\/\/jadvoyages.fr\/wp-content\/uploads\/2023\/12\/divi-travel-layout-27.jpg&#8221; custom_padding=&#8221;0px||0px||true|false&#8221; bottom_divider_color=&#8221;#ffffff&#8221; da_disable_devices=&#8221;off|off|off&#8221; global_colors_info=&#8221;{%22gcid-5363e0e2-59a6-4c94-b570-8eaa8ffe1b08%22:%91%22background_color%22%93}&#8221; da_is_popup=&#8221;off&#8221; da_exit_intent=&#8221;off&#8221; da_has_close=&#8221;on&#8221; da_alt_close=&#8221;off&#8221; da_dark_close=&#8221;off&#8221; da_not_modal=&#8221;on&#8221; da_is_singular=&#8221;off&#8221; da_with_loader=&#8221;off&#8221; da_has_shadow=&#8221;on&#8221;][et_pb_row column_structure=&#8221;1_2,1_2&#8243; use_custom_gutter=&#8221;on&#8221; gutter_width=&#8221;1&#8243; make_equal=&#8221;on&#8221; _builder_version=&#8221;4.23.1&#8243; _module_preset=&#8221;default&#8221; width=&#8221;100%&#8221; max_width=&#8221;100%&#8221; custom_padding=&#8221;0px||0px||true|false&#8221; global_colors_info=&#8221;{}&#8221;][et_pb_column type=&#8221;1_2&#8243; _builder_version=&#8221;4.23.1&#8243; _module_preset=&#8221;default&#8221; custom_padding=&#8221;6%|8%|6%|8%|true|true&#8221; custom_padding_tablet=&#8221;6%|8%|6%|8%|true|true&#8221; custom_padding_phone=&#8221;6%|8%|6%|8%|true|true&#8221; custom_padding_last_edited=&#8221;on|phone&#8221; global_colors_info=&#8221;{}&#8221;][et_pb_signup mailchimp_list=&#8221;add_new_account&#8221; layout=&#8221;top_bottom&#8221; name_field=&#8221;on&#8221; title=&#8221;Inscription Newsletter&#8221; description=&#8221;<\/p>\n<p>Pour rester inform\u00e9 des derni\u00e8res offres et actualit\u00e9s.<\/p>\n<p>&#8221; _builder_version=&#8221;4.23.1&#8243; _module_preset=&#8221;default&#8221; form_field_background_color=&#8221;rgba(0,0,0,0.41)&#8221; form_field_text_color=&#8221;#FFFFFF&#8221; form_field_focus_text_color=&#8221;#FFFFFF&#8221; use_background_color=&#8221;off&#8221; custom_button=&#8221;on&#8221; button_text_size=&#8221;17px&#8221; button_border_radius=&#8221;0px&#8221; button_font=&#8221;|||on|||||&#8221; text_orientation=&#8221;center&#8221; custom_css_main_element=&#8221;Outline: double 4px white;||outline-offset: 15px;&#8221; global_colors_info=&#8221;{%22gcid-5363e0e2-59a6-4c94-b570-8eaa8ffe1b08%22:%91%22background_color%22%93}&#8221;][\/et_pb_signup][\/et_pb_column][et_pb_column type=&#8221;1_2&#8243; _builder_version=&#8221;4.23.1&#8243; _module_preset=&#8221;default&#8221; global_colors_info=&#8221;{}&#8221;][et_pb_image src=&#8221;https:\/\/jadvoyages.fr\/wp-content\/uploads\/2023\/12\/pexels-haley-black-2087391-scaled.jpg&#8221; title_text=&#8221;pexels-haley-black-2087391&#8243; _builder_version=&#8221;4.23.1&#8243; _module_preset=&#8221;default&#8221; global_colors_info=&#8221;{}&#8221;][\/et_pb_image][\/et_pb_column][\/et_pb_row][\/et_pb_section][et_pb_section fb_built=&#8221;1&#8243; specialty=&#8221;on&#8221; _builder_version=&#8221;4.23.1&#8243; bottom_divider_style=&#8221;waves2&#8243; bottom_divider_color=&#8221;#ffffff&#8221; bottom_divider_flip=&#8221;vertical&#8221; da_disable_devices=&#8221;off|off|off&#8221; global_colors_info=&#8221;{}&#8221; locked=&#8221;off&#8221; da_is_popup=&#8221;off&#8221; da_exit_intent=&#8221;off&#8221; da_has_close=&#8221;on&#8221; da_alt_close=&#8221;off&#8221; da_dark_close=&#8221;off&#8221; da_not_modal=&#8221;on&#8221; da_is_singular=&#8221;off&#8221; da_with_loader=&#8221;off&#8221; da_has_shadow=&#8221;on&#8221;][et_pb_column type=&#8221;1_2&#8243; _builder_version=&#8221;4.16&#8243; custom_padding=&#8221;|||&#8221; global_colors_info=&#8221;{}&#8221; custom_padding__hover=&#8221;|||&#8221;][et_pb_image src=&#8221;https:\/\/jadvoyages.fr\/wp-content\/uploads\/2023\/12\/pexels-fu-zhichao-587741-1.jpg&#8221; title_text=&#8221;pexels-fu-zhichao-587741 (1)&#8221; _builder_version=&#8221;4.23.1&#8243; global_colors_info=&#8221;{}&#8221;][\/et_pb_image][\/et_pb_column][et_pb_column type=&#8221;1_2&#8243; specialty_columns=&#8221;2&#8243; _builder_version=&#8221;4.16&#8243; custom_padding=&#8221;|||&#8221; global_colors_info=&#8221;{}&#8221; custom_padding__hover=&#8221;|||&#8221;][et_pb_row_inner column_structure=&#8221;undefined&#8221; _builder_version=&#8221;4.23.1&#8243; custom_margin=&#8221;15px||||false|false&#8221; custom_padding=&#8221;||0px||false|false&#8221; global_colors_info=&#8221;{}&#8221;][et_pb_column_inner type=&#8221;undefined&#8221; saved_specialty_column_type=&#8221;1_2&#8243; _builder_version=&#8221;4.16&#8243; global_colors_info=&#8221;{}&#8221;][et_pb_text module_class=&#8221;subheading&#8221; _builder_version=&#8221;4.23.1&#8243; header_font=&#8221;|300|||||||&#8221; header_2_font=&#8221;|600|||||||&#8221; header_2_text_color=&#8221;gcid-5363e0e2-59a6-4c94-b570-8eaa8ffe1b08&#8243; header_2_line_height=&#8221;1.1em&#8221; header_6_text_color=&#8221;#002140&#8243; header_6_font_size=&#8221;13px&#8221; header_6_letter_spacing=&#8221;0.1em&#8221; header_6_line_height=&#8221;1.8em&#8221; global_colors_info=&#8221;{%22gcid-5363e0e2-59a6-4c94-b570-8eaa8ffe1b08%22:%91%22header_2_text_color%22%93}&#8221;]<\/p>\n<h6><b>Voyagez avec nous<\/b><\/h6>\n<h2>Offres sp\u00e9ciales et r\u00e9ductions<\/h2>\n<p>[\/et_pb_text][\/et_pb_column_inner][\/et_pb_row_inner][et_pb_row_inner column_structure=&#8221;1_2,1_2&#8243; _builder_version=&#8221;4.23.1&#8243; custom_padding=&#8221;0px||||false|false&#8221; global_colors_info=&#8221;{}&#8221;][et_pb_column_inner type=&#8221;1_2&#8243; saved_specialty_column_type=&#8221;1_2&#8243; _builder_version=&#8221;4.16&#8243; global_colors_info=&#8221;{}&#8221;][et_pb_blurb title=&#8221;Tour du monde&#8221; image=&#8221;https:\/\/jadvoyages.fr\/wp-content\/uploads\/2023\/12\/divi-travel-layout-20.png&#8221; icon_placement=&#8221;left&#8221; _builder_version=&#8221;4.23.1&#8243; header_font=&#8221;|700|||||||&#8221; header_text_color=&#8221;gcid-00f8d9da-767b-49e1-878d-69850386b50c&#8221; header_font_size=&#8221;18px&#8221; body_font=&#8221;|300|||||||&#8221; body_text_color=&#8221;#000000&#8243; background_color=&#8221;#FFFFFF&#8221; custom_margin=&#8221;||||false|false&#8221; custom_padding=&#8221;20px|10px|10px|10px|false|false&#8221; border_radii=&#8221;on|10px|10px|10px|10px&#8221; box_shadow_style=&#8221;preset1&#8243; global_colors_info=&#8221;{%22gcid-00f8d9da-767b-49e1-878d-69850386b50c%22:%91%22header_text_color%22%93}&#8221; background__hover_enabled=&#8221;on|desktop&#8221; background_color__hover=&#8221;#ffffff&#8221; background_enable_color__hover=&#8221;on&#8221; box_shadow_horizontal__hover_enabled=&#8221;on|hover&#8221; box_shadow_vertical__hover_enabled=&#8221;on|desktop&#8221; box_shadow_blur__hover_enabled=&#8221;on|hover&#8221; box_shadow_spread__hover_enabled=&#8221;on|desktop&#8221; box_shadow_vertical__hover=&#8221;2px&#8221; box_shadow_blur__hover=&#8221;18px&#8221; box_shadow_spread__hover=&#8221;0px&#8221; custom_margin__hover_enabled=&#8221;off|hover&#8221; border_radii__hover_enabled=&#8221;on|desktop&#8221; border_radii__hover=&#8221;on|10px|10px|10px|10px&#8221;]Lorem ipsum dolor sit amet conse ctetur[\/et_pb_blurb][et_pb_blurb title=&#8221;Meilleurs circuits&#8221; image=&#8221;https:\/\/jadvoyages.fr\/wp-content\/uploads\/2023\/12\/divi-travel-layout-22.png&#8221; icon_placement=&#8221;left&#8221; _builder_version=&#8221;4.23.1&#8243; header_font=&#8221;|700|||||||&#8221; header_text_color=&#8221;gcid-00f8d9da-767b-49e1-878d-69850386b50c&#8221; header_font_size=&#8221;18px&#8221; body_font=&#8221;|300|||||||&#8221; body_text_color=&#8221;#000000&#8243; background_color=&#8221;#FFFFFF&#8221; custom_margin=&#8221;||||false|false&#8221; custom_padding=&#8221;20px|10px|10px|10px|false|false&#8221; border_radii=&#8221;on|10px|10px|10px|10px&#8221; box_shadow_style=&#8221;preset1&#8243; global_colors_info=&#8221;{%22gcid-00f8d9da-767b-49e1-878d-69850386b50c%22:%91%22header_text_color%22,%22header_text_color%22,%22header_text_color%22%93}&#8221; background_color__hover=&#8221;#ffffff&#8221; background_enable_color__hover=&#8221;on&#8221; box_shadow_horizontal__hover_enabled=&#8221;on|hover&#8221; box_shadow_vertical__hover_enabled=&#8221;on|desktop&#8221; box_shadow_blur__hover_enabled=&#8221;on|hover&#8221; box_shadow_spread__hover_enabled=&#8221;on|desktop&#8221; box_shadow_vertical__hover=&#8221;2px&#8221; box_shadow_blur__hover=&#8221;18px&#8221; box_shadow_spread__hover=&#8221;0px&#8221; custom_margin__hover_enabled=&#8221;off|hover&#8221; border_radii__hover_enabled=&#8221;on|desktop&#8221; border_radii__hover=&#8221;on|10px|10px|10px|10px&#8221; background__hover_enabled=&#8221;on|desktop&#8221;]<\/p>\n<p>Lorem ipsum dolor sit amet conse ctetur<\/p>\n<p>[\/et_pb_blurb][\/et_pb_column_inner][et_pb_column_inner type=&#8221;1_2&#8243; saved_specialty_column_type=&#8221;1_2&#8243; _builder_version=&#8221;4.16&#8243; global_colors_info=&#8221;{}&#8221;][et_pb_blurb title=&#8221;Croisi\u00e8res&#8221; image=&#8221;https:\/\/jadvoyages.fr\/wp-content\/uploads\/2023\/12\/divi-travel-layout-21.png&#8221; icon_placement=&#8221;left&#8221; _builder_version=&#8221;4.23.1&#8243; header_font=&#8221;|700|||||||&#8221; header_text_color=&#8221;gcid-00f8d9da-767b-49e1-878d-69850386b50c&#8221; header_font_size=&#8221;18px&#8221; body_font=&#8221;|300|||||||&#8221; body_text_color=&#8221;#000000&#8243; background_color=&#8221;#FFFFFF&#8221; custom_margin=&#8221;||||false|false&#8221; custom_padding=&#8221;20px|10px|10px|10px|false|false&#8221; border_radii=&#8221;on|10px|10px|10px|10px&#8221; box_shadow_style=&#8221;preset1&#8243; global_colors_info=&#8221;{%22gcid-00f8d9da-767b-49e1-878d-69850386b50c%22:%91%22header_text_color%22,%22header_text_color%22,%22header_text_color%22%93}&#8221; background_color__hover=&#8221;#ffffff&#8221; background_enable_color__hover=&#8221;on&#8221; box_shadow_horizontal__hover_enabled=&#8221;on|hover&#8221; box_shadow_vertical__hover_enabled=&#8221;on|desktop&#8221; box_shadow_blur__hover_enabled=&#8221;on|hover&#8221; box_shadow_spread__hover_enabled=&#8221;on|desktop&#8221; box_shadow_vertical__hover=&#8221;2px&#8221; box_shadow_blur__hover=&#8221;18px&#8221; box_shadow_spread__hover=&#8221;0px&#8221; custom_margin__hover_enabled=&#8221;off|hover&#8221; border_radii__hover_enabled=&#8221;on|desktop&#8221; border_radii__hover=&#8221;on|10px|10px|10px|10px&#8221; background__hover_enabled=&#8221;on|desktop&#8221;]<\/p>\n<p>Lorem ipsum dolor sit amet conse ctetur\u00a0<\/p>\n<p>[\/et_pb_blurb][et_pb_blurb title=&#8221;La photographie&#8221; image=&#8221;https:\/\/jadvoyages.fr\/wp-content\/uploads\/2023\/12\/divi-travel-layout-19.png&#8221; icon_placement=&#8221;left&#8221; _builder_version=&#8221;4.23.1&#8243; header_font=&#8221;|700|||||||&#8221; header_text_color=&#8221;gcid-00f8d9da-767b-49e1-878d-69850386b50c&#8221; header_font_size=&#8221;18px&#8221; body_font=&#8221;|300|||||||&#8221; body_text_color=&#8221;#000000&#8243; background_color=&#8221;#FFFFFF&#8221; custom_margin=&#8221;||||false|false&#8221; custom_padding=&#8221;20px|10px|10px|10px|false|false&#8221; border_radii=&#8221;on|10px|10px|10px|10px&#8221; box_shadow_style=&#8221;preset1&#8243; global_colors_info=&#8221;{%22gcid-00f8d9da-767b-49e1-878d-69850386b50c%22:%91%22header_text_color%22,%22header_text_color%22%93}&#8221; background_color__hover=&#8221;#ffffff&#8221; background_enable_color__hover=&#8221;on&#8221; box_shadow_horizontal__hover_enabled=&#8221;on|hover&#8221; box_shadow_vertical__hover_enabled=&#8221;on|desktop&#8221; box_shadow_blur__hover_enabled=&#8221;on|hover&#8221; box_shadow_spread__hover_enabled=&#8221;on|desktop&#8221; box_shadow_vertical__hover=&#8221;2px&#8221; box_shadow_blur__hover=&#8221;18px&#8221; box_shadow_spread__hover=&#8221;0px&#8221; custom_margin__hover_enabled=&#8221;off|hover&#8221; border_radii__hover_enabled=&#8221;on|desktop&#8221; border_radii__hover=&#8221;on|10px|10px|10px|10px&#8221; background__hover_enabled=&#8221;on|desktop&#8221;]<\/p>\n<p>Lorem ipsum dolor sit amet conse ctetur<\/p>\n<p>[\/et_pb_blurb][\/et_pb_column_inner][\/et_pb_row_inner][et_pb_row_inner _builder_version=&#8221;4.23.1&#8243; _module_preset=&#8221;default&#8221; custom_padding=&#8221;0px||0px||true|false&#8221; locked=&#8221;off&#8221; global_colors_info=&#8221;{}&#8221;][et_pb_column_inner saved_specialty_column_type=&#8221;1_2&#8243; _builder_version=&#8221;4.23.1&#8243; _module_preset=&#8221;default&#8221; global_colors_info=&#8221;{}&#8221;][et_pb_button button_url=&#8221;#ED&#8221; button_text=&#8221;APPRENDRE ENCORE PLUS&#8221; button_alignment=&#8221;left&#8221; _builder_version=&#8221;4.23.1&#8243; _module_preset=&#8221;default&#8221; global_colors_info=&#8221;{}&#8221;][\/et_pb_button][\/et_pb_column_inner][\/et_pb_row_inner][\/et_pb_column][\/et_pb_section]<\/p>\n","protected":false},"excerpt":{"rendered":"<p>Offre du moment D\u00e9couvrez Notre Offre du Moment chez Jad Voyages Bienvenue sur notre page d\u00e9di\u00e9e aux offres sp\u00e9ciales, o\u00f9 chaque moment est une opportunit\u00e9 pour s&#8217;\u00e9vader. Chez Jad Voyages, nous sommes ravis de vous pr\u00e9senter nos promotions exclusives, con\u00e7ues pour vous faire d\u00e9couvrir le monde \u00e0 des conditions exceptionnelles. Que vous r\u00eaviez d&#8217;une escapade [&hellip;]<\/p>\n","protected":false},"author":1,"featured_media":0,"parent":0,"menu_order":0,"comment_status":"closed","ping_status":"closed","template":"","meta":{"_et_pb_use_builder":"on","_et_pb_old_content":"","_et_gb_content_width":"","footnotes":""},"class_list":["post-16","page","type-page","status-publish","hentry"],"_links":{"self":[{"href":"https:\/\/jadvoyages.fr\/index.php\/wp-json\/wp\/v2\/pages\/16","targetHints":{"allow":["GET"]}}],"collection":[{"href":"https:\/\/jadvoyages.fr\/index.php\/wp-json\/wp\/v2\/pages"}],"about":[{"href":"https:\/\/jadvoyages.fr\/index.php\/wp-json\/wp\/v2\/types\/page"}],"author":[{"embeddable":true,"href":"https:\/\/jadvoyages.fr\/index.php\/wp-json\/wp\/v2\/users\/1"}],"replies":[{"embeddable":true,"href":"https:\/\/jadvoyages.fr\/index.php\/wp-json\/wp\/v2\/comments?post=16"}],"version-history":[{"count":4,"href":"https:\/\/jadvoyages.fr\/index.php\/wp-json\/wp\/v2\/pages\/16\/revisions"}],"predecessor-version":[{"id":5147,"href":"https:\/\/jadvoyages.fr\/index.php\/wp-json\/wp\/v2\/pages\/16\/revisions\/5147"}],"wp:attachment":[{"href":"https:\/\/jadvoyages.fr\/index.php\/wp-json\/wp\/v2\/media?parent=16"}],"curies":[{"name":"wp","href":"https:\/\/api.w.org\/{rel}","templated":true}]}}