{"id":18,"date":"2023-12-15T09:18:15","date_gmt":"2023-12-15T08:18:15","guid":{"rendered":"https:\/\/jadvoyages.fr\/?page_id=18"},"modified":"2023-12-19T13:56:11","modified_gmt":"2023-12-19T12:56:11","slug":"actualites-blog","status":"publish","type":"page","link":"https:\/\/jadvoyages.fr\/index.php\/actualites-blog\/","title":{"rendered":"Actualit\u00e9s blog"},"content":{"rendered":"<p>[et_pb_section fb_built=&#8221;1&#8243; fullwidth=&#8221;on&#8221; _builder_version=&#8221;4.23.1&#8243; _module_preset=&#8221;default&#8221; da_disable_devices=&#8221;off|off|off&#8221; global_colors_info=&#8221;{}&#8221; da_is_popup=&#8221;off&#8221; da_exit_intent=&#8221;off&#8221; da_has_close=&#8221;on&#8221; da_alt_close=&#8221;off&#8221; da_dark_close=&#8221;off&#8221; da_not_modal=&#8221;on&#8221; da_is_singular=&#8221;off&#8221; da_with_loader=&#8221;off&#8221; da_has_shadow=&#8221;on&#8221;][et_pb_fullwidth_header title=&#8221;@ET-DC@eyJkeW5hbWljIjp0cnVlLCJjb250ZW50IjoicG9zdF90aXRsZSIsInNldHRpbmdzIjp7ImJlZm9yZSI6IiIsImFmdGVyIjoiIn19@&#8221; background_overlay_color=&#8221;rgba(0,0,0,0.33)&#8221; _builder_version=&#8221;4.23.1&#8243; _dynamic_attributes=&#8221;title,content&#8221; _module_preset=&#8221;default&#8221; title_font=&#8221;||||||||&#8221; title_font_size=&#8221;65px&#8221; content_font=&#8221;||on|on|||||&#8221; content_text_align=&#8221;right&#8221; content_text_color=&#8221;#FFFFFF&#8221; content_font_size=&#8221;13px&#8221; content_letter_spacing=&#8221;2px&#8221; content_link_font=&#8221;||||||||&#8221; content_link_text_color=&#8221;gcid-6b57ff9a-0534-4919-aa32-e60deeb8cbfe&#8221; background_enable_color=&#8221;off&#8221; background_image=&#8221;https:\/\/jadvoyages.fr\/wp-content\/uploads\/2023\/12\/pexels-jimmy-teoh-1010657-scaled.jpg&#8221; background_enable_pattern_style=&#8221;on&#8221; background_pattern_style=&#8221;zig-zag&#8221; background_pattern_color=&#8221;rgba(78,140,114,0.39)&#8221; background_pattern_size=&#8221;cover&#8221; custom_padding=&#8221;8%||8%||true|false&#8221; title_font_size_tablet=&#8221;45px&#8221; title_font_size_phone=&#8221;30px&#8221; title_font_size_last_edited=&#8221;on|phone&#8221; global_colors_info=&#8221;{%22gcid-6b57ff9a-0534-4919-aa32-e60deeb8cbfe%22:%91%22content_link_text_color%22%93}&#8221;]@ET-DC@eyJkeW5hbWljIjp0cnVlLCJjb250ZW50IjoicG9zdF9saW5rIiwic2V0dGluZ3MiOnsiYmVmb3JlIjoiQklFTlZFTlVFIHwgIiwiYWZ0ZXIiOiIiLCJ0ZXh0IjoicG9zdF90aXRsZSIsImN1c3RvbV90ZXh0IjoiIn19@[\/et_pb_fullwidth_header][\/et_pb_section][et_pb_section fb_built=&#8221;1&#8243; _builder_version=&#8221;4.23.1&#8243; hover_enabled=&#8221;0&#8243; da_disable_devices=&#8221;off|off|off&#8221; global_colors_info=&#8221;{}&#8221; sticky_enabled=&#8221;0&#8243; da_is_popup=&#8221;off&#8221; da_exit_intent=&#8221;off&#8221; da_has_close=&#8221;on&#8221; da_alt_close=&#8221;off&#8221; da_dark_close=&#8221;off&#8221; da_not_modal=&#8221;on&#8221; da_is_singular=&#8221;off&#8221; da_with_loader=&#8221;off&#8221; da_has_shadow=&#8221;on&#8221;][et_pb_row _builder_version=&#8221;4.23.1&#8243; locked=&#8221;off&#8221; global_colors_info=&#8221;{}&#8221;][et_pb_column type=&#8221;4_4&#8243; _builder_version=&#8221;4.16&#8243; global_colors_info=&#8221;{}&#8221;][et_pb_text content_last_edited=&#8221;off|phone&#8221; module_class=&#8221;subheading&#8221; _builder_version=&#8221;4.23.1&#8243; header_font=&#8221;|300|||||||&#8221; header_2_font=&#8221;|600|||||||&#8221; header_2_text_color=&#8221;gcid-5363e0e2-59a6-4c94-b570-8eaa8ffe1b08&#8243; header_2_font_size=&#8221;45px&#8221; header_2_line_height=&#8221;1.1em&#8221; header_5_font=&#8221;|||on|||||&#8221; header_5_text_color=&#8221;gcid-5363e0e2-59a6-4c94-b570-8eaa8ffe1b08&#8243; header_5_font_size=&#8221;13px&#8221; header_5_letter_spacing=&#8221;0.1em&#8221; header_5_line_height=&#8221;1.8em&#8221; header_6_text_color=&#8221;gcid-36720b48-fd38-4ca0-8e8b-94d3e437b2bb&#8221; header_6_font_size=&#8221;13px&#8221; header_6_letter_spacing=&#8221;0.1em&#8221; header_6_line_height=&#8221;1.8em&#8221; text_orientation=&#8221;center&#8221; custom_margin_tablet=&#8221;&#8221; custom_margin_phone=&#8221;50px||||false|false&#8221; custom_margin_last_edited=&#8221;on|desktop&#8221; header_text_align_tablet=&#8221;center&#8221; header_text_align_phone=&#8221;center&#8221; header_text_align_last_edited=&#8221;on|phone&#8221; header_5_text_align_tablet=&#8221;left&#8221; header_5_text_align_phone=&#8221;center&#8221; header_5_text_align_last_edited=&#8221;on|phone&#8221; header_6_text_align_tablet=&#8221;left&#8221; header_6_text_align_phone=&#8221;center&#8221; header_6_text_align_last_edited=&#8221;on|phone&#8221; locked=&#8221;off&#8221; global_colors_info=&#8221;{%22gcid-36720b48-fd38-4ca0-8e8b-94d3e437b2bb%22:%91%22header_6_text_color%22%93,%22gcid-5363e0e2-59a6-4c94-b570-8eaa8ffe1b08%22:%91%22header_5_text_color%22,%22header_2_text_color%22%93}&#8221;]<\/p>\n<h5><b>Blog<\/b><\/h5>\n<h2>Actualit\u00e9s blog<\/h2>\n<p>[\/et_pb_text][\/et_pb_column][\/et_pb_row][et_pb_row _builder_version=&#8221;4.23.1&#8243; _module_preset=&#8221;default&#8221; global_colors_info=&#8221;{}&#8221;][et_pb_column type=&#8221;4_4&#8243; _builder_version=&#8221;4.23.1&#8243; _module_preset=&#8221;default&#8221; global_colors_info=&#8221;{}&#8221;][et_pb_blog fullwidth=&#8221;off&#8221; excerpt_length=&#8221;80&#8243; show_more=&#8221;on&#8221; show_author=&#8221;off&#8221; use_overlay=&#8221;on&#8221; overlay_icon_color=&#8221;gcid-5363e0e2-59a6-4c94-b570-8eaa8ffe1b08&#8243; hover_icon=&#8221;&#xf06e;||fa||400&#8243; _builder_version=&#8221;4.23.1&#8243; _module_preset=&#8221;default&#8221; meta_font=&#8221;|600||on|||||&#8221; meta_text_color=&#8221;#000000&#8243; read_more_font=&#8221;|700||on|||||&#8221; custom_css_main_element=&#8221;font-weight: 400;&#8221; global_colors_info=&#8221;{%22gcid-5363e0e2-59a6-4c94-b570-8eaa8ffe1b08%22:%91%22overlay_icon_color%22%93}&#8221;][\/et_pb_blog][\/et_pb_column][\/et_pb_row][et_pb_row column_structure=&#8221;1_2,1_2&#8243; use_custom_gutter=&#8221;on&#8221; gutter_width=&#8221;1&#8243; make_equal=&#8221;on&#8221; _builder_version=&#8221;4.23.1&#8243; _module_preset=&#8221;default&#8221; background_color=&#8221;gcid-5363e0e2-59a6-4c94-b570-8eaa8ffe1b08&#8243; custom_padding=&#8221;0px||0px||true|false&#8221; border_radii=&#8221;on|8px|8px|8px|8px&#8221; global_colors_info=&#8221;{%22gcid-5363e0e2-59a6-4c94-b570-8eaa8ffe1b08%22:%91%22background_color%22%93}&#8221;][et_pb_column type=&#8221;1_2&#8243; _builder_version=&#8221;4.23.1&#8243; _module_preset=&#8221;default&#8221; custom_padding=&#8221;5%|8%|5%|8%|true|true&#8221; custom_padding_tablet=&#8221;6%|8%|6%|8%|true|true&#8221; custom_padding_phone=&#8221;6%|8%|6%|8%|true|true&#8221; custom_padding_last_edited=&#8221;on|phone&#8221; global_colors_info=&#8221;{}&#8221;][et_pb_signup mailchimp_list=&#8221;add_new_account&#8221; layout=&#8221;top_bottom&#8221; name_field=&#8221;on&#8221; title=&#8221;Inscription Newsletter&#8221; description=&#8221;<\/p>\n<p>Pour rester inform\u00e9 des derni\u00e8res offres et actualit\u00e9s.<\/p>\n<p>&#8221; _builder_version=&#8221;4.23.1&#8243; _module_preset=&#8221;default&#8221; form_field_background_color=&#8221;rgba(0,0,0,0.41)&#8221; form_field_text_color=&#8221;#FFFFFF&#8221; form_field_focus_text_color=&#8221;#FFFFFF&#8221; use_background_color=&#8221;off&#8221; custom_button=&#8221;on&#8221; button_text_size=&#8221;17px&#8221; button_border_radius=&#8221;0px&#8221; button_font=&#8221;|||on|||||&#8221; text_orientation=&#8221;center&#8221; custom_css_main_element=&#8221;Outline: double 4px white;||outline-offset: 15px;&#8221; global_colors_info=&#8221;{%22gcid-5363e0e2-59a6-4c94-b570-8eaa8ffe1b08%22:%91%22background_color%22%93}&#8221;][\/et_pb_signup][\/et_pb_column][et_pb_column type=&#8221;1_2&#8243; _builder_version=&#8221;4.23.1&#8243; _module_preset=&#8221;default&#8221; global_colors_info=&#8221;{}&#8221;][et_pb_image src=&#8221;https:\/\/jadvoyages.fr\/wp-content\/uploads\/2023\/12\/pexels-haley-black-2087391-scaled.jpg&#8221; title_text=&#8221;pexels-haley-black-2087391&#8243; _builder_version=&#8221;4.23.1&#8243; _module_preset=&#8221;default&#8221; global_colors_info=&#8221;{}&#8221;][\/et_pb_image][\/et_pb_column][\/et_pb_row][\/et_pb_section]<\/p>\n","protected":false},"excerpt":{"rendered":"<p>Blog Actualit\u00e9s blog<\/p>\n","protected":false},"author":1,"featured_media":0,"parent":0,"menu_order":0,"comment_status":"closed","ping_status":"closed","template":"","meta":{"_et_pb_use_builder":"on","_et_pb_old_content":"","_et_gb_content_width":"","footnotes":""},"class_list":["post-18","page","type-page","status-publish","hentry"],"_links":{"self":[{"href":"https:\/\/jadvoyages.fr\/index.php\/wp-json\/wp\/v2\/pages\/18","targetHints":{"allow":["GET"]}}],"collection":[{"href":"https:\/\/jadvoyages.fr\/index.php\/wp-json\/wp\/v2\/pages"}],"about":[{"href":"https:\/\/jadvoyages.fr\/index.php\/wp-json\/wp\/v2\/types\/page"}],"author":[{"embeddable":true,"href":"https:\/\/jadvoyages.fr\/index.php\/wp-json\/wp\/v2\/users\/1"}],"replies":[{"embeddable":true,"href":"https:\/\/jadvoyages.fr\/index.php\/wp-json\/wp\/v2\/comments?post=18"}],"version-history":[{"count":4,"href":"https:\/\/jadvoyages.fr\/index.php\/wp-json\/wp\/v2\/pages\/18\/revisions"}],"predecessor-version":[{"id":5151,"href":"https:\/\/jadvoyages.fr\/index.php\/wp-json\/wp\/v2\/pages\/18\/revisions\/5151"}],"wp:attachment":[{"href":"https:\/\/jadvoyages.fr\/index.php\/wp-json\/wp\/v2\/media?parent=18"}],"curies":[{"name":"wp","href":"https:\/\/api.w.org\/{rel}","templated":true}]}}