{"id":27,"date":"2023-12-15T09:21:26","date_gmt":"2023-12-15T08:21:26","guid":{"rendered":"https:\/\/jadvoyages.fr\/?page_id=27"},"modified":"2023-12-19T14:21:56","modified_gmt":"2023-12-19T13:21:56","slug":"contact","status":"publish","type":"page","link":"https:\/\/jadvoyages.fr\/index.php\/contact\/","title":{"rendered":"Contact"},"content":{"rendered":"<p>[et_pb_section fb_built=&#8221;1&#8243; fullwidth=&#8221;on&#8221; _builder_version=&#8221;4.23.1&#8243; _module_preset=&#8221;default&#8221; da_disable_devices=&#8221;off|off|off&#8221; global_colors_info=&#8221;{}&#8221; da_is_popup=&#8221;off&#8221; da_exit_intent=&#8221;off&#8221; da_has_close=&#8221;on&#8221; da_alt_close=&#8221;off&#8221; da_dark_close=&#8221;off&#8221; da_not_modal=&#8221;on&#8221; da_is_singular=&#8221;off&#8221; da_with_loader=&#8221;off&#8221; da_has_shadow=&#8221;on&#8221;][et_pb_fullwidth_header title=&#8221;@ET-DC@eyJkeW5hbWljIjp0cnVlLCJjb250ZW50IjoicG9zdF90aXRsZSIsInNldHRpbmdzIjp7ImJlZm9yZSI6IiIsImFmdGVyIjoiIn19@&#8221; background_overlay_color=&#8221;rgba(0,0,0,0.33)&#8221; _builder_version=&#8221;4.23.1&#8243; _dynamic_attributes=&#8221;title,content&#8221; _module_preset=&#8221;default&#8221; title_font=&#8221;||||||||&#8221; title_font_size=&#8221;65px&#8221; content_font=&#8221;||on|on|||||&#8221; content_text_align=&#8221;right&#8221; content_text_color=&#8221;#FFFFFF&#8221; content_font_size=&#8221;13px&#8221; content_letter_spacing=&#8221;2px&#8221; content_link_font=&#8221;||||||||&#8221; content_link_text_color=&#8221;gcid-6b57ff9a-0534-4919-aa32-e60deeb8cbfe&#8221; background_enable_color=&#8221;off&#8221; background_image=&#8221;https:\/\/jadvoyages.fr\/wp-content\/uploads\/2023\/12\/pexels-jimmy-teoh-1010657-scaled.jpg&#8221; background_enable_pattern_style=&#8221;on&#8221; background_pattern_style=&#8221;zig-zag&#8221; background_pattern_color=&#8221;rgba(78,140,114,0.39)&#8221; background_pattern_size=&#8221;cover&#8221; custom_padding=&#8221;8%||8%||true|false&#8221; title_font_size_tablet=&#8221;45px&#8221; title_font_size_phone=&#8221;30px&#8221; title_font_size_last_edited=&#8221;on|phone&#8221; global_colors_info=&#8221;{%22gcid-6b57ff9a-0534-4919-aa32-e60deeb8cbfe%22:%91%22content_link_text_color%22%93}&#8221;]@ET-DC@eyJkeW5hbWljIjp0cnVlLCJjb250ZW50IjoicG9zdF9saW5rIiwic2V0dGluZ3MiOnsiYmVmb3JlIjoiQklFTlZFTlVFIHwgIiwiYWZ0ZXIiOiIiLCJ0ZXh0IjoicG9zdF90aXRsZSIsImN1c3RvbV90ZXh0IjoiIn19@[\/et_pb_fullwidth_header][\/et_pb_section][et_pb_section fb_built=&#8221;1&#8243; _builder_version=&#8221;4.23.1&#8243; da_disable_devices=&#8221;off|off|off&#8221; global_colors_info=&#8221;{}&#8221; da_is_popup=&#8221;off&#8221; da_exit_intent=&#8221;off&#8221; da_has_close=&#8221;on&#8221; da_alt_close=&#8221;off&#8221; da_dark_close=&#8221;off&#8221; da_not_modal=&#8221;on&#8221; da_is_singular=&#8221;off&#8221; da_with_loader=&#8221;off&#8221; da_has_shadow=&#8221;on&#8221;][et_pb_row _builder_version=&#8221;4.23.1&#8243; locked=&#8221;off&#8221; global_colors_info=&#8221;{}&#8221;][et_pb_column type=&#8221;4_4&#8243; _builder_version=&#8221;4.16&#8243; global_colors_info=&#8221;{}&#8221;][et_pb_text content_last_edited=&#8221;off|phone&#8221; module_class=&#8221;subheading&#8221; _builder_version=&#8221;4.23.1&#8243; header_font=&#8221;|300|||||||&#8221; header_2_font=&#8221;|600|||||||&#8221; header_2_text_color=&#8221;gcid-5363e0e2-59a6-4c94-b570-8eaa8ffe1b08&#8243; header_2_font_size=&#8221;45px&#8221; header_2_line_height=&#8221;1.1em&#8221; header_5_font=&#8221;|||on|||||&#8221; header_5_text_color=&#8221;gcid-5363e0e2-59a6-4c94-b570-8eaa8ffe1b08&#8243; header_5_font_size=&#8221;13px&#8221; header_5_letter_spacing=&#8221;0.1em&#8221; header_5_line_height=&#8221;1.8em&#8221; header_6_text_color=&#8221;gcid-36720b48-fd38-4ca0-8e8b-94d3e437b2bb&#8221; header_6_font_size=&#8221;13px&#8221; header_6_letter_spacing=&#8221;0.1em&#8221; header_6_line_height=&#8221;1.8em&#8221; text_orientation=&#8221;center&#8221; custom_margin_tablet=&#8221;&#8221; custom_margin_phone=&#8221;50px||||false|false&#8221; custom_margin_last_edited=&#8221;on|desktop&#8221; header_text_align_tablet=&#8221;center&#8221; header_text_align_phone=&#8221;center&#8221; header_text_align_last_edited=&#8221;on|phone&#8221; header_5_text_align_tablet=&#8221;left&#8221; header_5_text_align_phone=&#8221;center&#8221; header_5_text_align_last_edited=&#8221;on|phone&#8221; header_6_text_align_tablet=&#8221;left&#8221; header_6_text_align_phone=&#8221;center&#8221; header_6_text_align_last_edited=&#8221;on|phone&#8221; locked=&#8221;off&#8221; global_colors_info=&#8221;{%22gcid-36720b48-fd38-4ca0-8e8b-94d3e437b2bb%22:%91%22header_6_text_color%22%93,%22gcid-5363e0e2-59a6-4c94-b570-8eaa8ffe1b08%22:%91%22header_5_text_color%22,%22header_2_text_color%22%93}&#8221;]<\/p>\n<h5><b>ENTRER EN CONTACT<\/b><\/h5>\n<h2>CONTACTEZ-NOUS<\/h2>\n<p>[\/et_pb_text][\/et_pb_column][\/et_pb_row][et_pb_row column_structure=&#8221;1_3,1_3,1_3&#8243; _builder_version=&#8221;4.23.1&#8243; _module_preset=&#8221;default&#8221; locked=&#8221;off&#8221; global_colors_info=&#8221;{}&#8221;][et_pb_column type=&#8221;1_3&#8243; _builder_version=&#8221;4.23.1&#8243; _module_preset=&#8221;default&#8221; background_color=&#8221;gcid-5363e0e2-59a6-4c94-b570-8eaa8ffe1b08&#8243; custom_padding=&#8221;18px|18px|18px|18px|true|true&#8221; border_radii=&#8221;on|8px|8px|8px|8px&#8221; global_colors_info=&#8221;{%22gcid-5363e0e2-59a6-4c94-b570-8eaa8ffe1b08%22:%91%22background_color%22%93}&#8221;][et_pb_blurb title=&#8221;Agence &#8221; use_icon=&#8221;on&#8221; font_icon=&#8221;&#xe01d;||divi||400&#8243; icon_color=&#8221;gcid-5363e0e2-59a6-4c94-b570-8eaa8ffe1b08&#8243; image_icon_background_color=&#8221;#FFFFFF&#8221; icon_placement=&#8221;left&#8221; _builder_version=&#8221;4.23.1&#8243; _module_preset=&#8221;default&#8221; header_text_color=&#8221;#FFFFFF&#8221; body_font=&#8221;|300|||||||&#8221; body_text_color=&#8221;#FFFFFF&#8221; border_radii_image=&#8221;on|6px|6px|6px|6px&#8221; border_width_all_image=&#8221;10px&#8221; border_color_all_image=&#8221;#FFFFFF&#8221; global_colors_info=&#8221;{%22gcid-5363e0e2-59a6-4c94-b570-8eaa8ffe1b08%22:%91%22icon_color%22%93}&#8221;]89 Avenue Secretan Paris 75020[\/et_pb_blurb][\/et_pb_column][et_pb_column type=&#8221;1_3&#8243; _builder_version=&#8221;4.23.1&#8243; _module_preset=&#8221;default&#8221; background_color=&#8221;gcid-5363e0e2-59a6-4c94-b570-8eaa8ffe1b08&#8243; custom_padding=&#8221;18px|18px|18px|18px|true|true&#8221; border_radii=&#8221;on|8px|8px|8px|8px&#8221; global_colors_info=&#8221;{%22gcid-5363e0e2-59a6-4c94-b570-8eaa8ffe1b08%22:%91%22background_color%22%93}&#8221;][et_pb_blurb title=&#8221;Appel&#8221; use_icon=&#8221;on&#8221; font_icon=&#8221;&#xf879;||fa||900&#8243; icon_color=&#8221;gcid-5363e0e2-59a6-4c94-b570-8eaa8ffe1b08&#8243; image_icon_background_color=&#8221;#FFFFFF&#8221; icon_placement=&#8221;left&#8221; _builder_version=&#8221;4.23.1&#8243; _module_preset=&#8221;default&#8221; header_text_color=&#8221;#FFFFFF&#8221; body_font=&#8221;|300|||||||&#8221; body_text_color=&#8221;#FFFFFF&#8221; hover_enabled=&#8221;0&#8243; border_radii_image=&#8221;on|6px|6px|6px|6px&#8221; border_width_all_image=&#8221;10px&#8221; border_color_all_image=&#8221;#FFFFFF&#8221; global_colors_info=&#8221;{%22gcid-5363e0e2-59a6-4c94-b570-8eaa8ffe1b08%22:%91%22icon_color%22%93}&#8221; sticky_enabled=&#8221;0&#8243;]+33 1 40 03 07 08[\/et_pb_blurb][\/et_pb_column][et_pb_column type=&#8221;1_3&#8243; _builder_version=&#8221;4.23.1&#8243; _module_preset=&#8221;default&#8221; background_color=&#8221;gcid-5363e0e2-59a6-4c94-b570-8eaa8ffe1b08&#8243; custom_padding=&#8221;18px|18px|18px|18px|true|true&#8221; border_radii=&#8221;on|8px|8px|8px|8px&#8221; global_colors_info=&#8221;{%22gcid-5363e0e2-59a6-4c94-b570-8eaa8ffe1b08%22:%91%22background_color%22%93}&#8221;][et_pb_blurb title=&#8221;Email &#8221; use_icon=&#8221;on&#8221; font_icon=&#8221;&#xf0e0;||fa||400&#8243; icon_color=&#8221;gcid-5363e0e2-59a6-4c94-b570-8eaa8ffe1b08&#8243; image_icon_background_color=&#8221;#FFFFFF&#8221; icon_placement=&#8221;left&#8221; _builder_version=&#8221;4.23.1&#8243; _module_preset=&#8221;default&#8221; header_text_color=&#8221;#FFFFFF&#8221; body_font=&#8221;|300|||||||&#8221; body_text_color=&#8221;#FFFFFF&#8221; border_radii_image=&#8221;on|6px|6px|6px|6px&#8221; border_width_all_image=&#8221;10px&#8221; border_color_all_image=&#8221;#FFFFFF&#8221; global_colors_info=&#8221;{%22gcid-5363e0e2-59a6-4c94-b570-8eaa8ffe1b08%22:%91%22icon_color%22%93}&#8221;]info@jadvoyages.fr[\/et_pb_blurb][\/et_pb_column][\/et_pb_row][et_pb_row column_structure=&#8221;1_2,1_2&#8243; _builder_version=&#8221;4.23.1&#8243; _module_preset=&#8221;default&#8221; global_colors_info=&#8221;{}&#8221;][et_pb_column type=&#8221;1_2&#8243; _builder_version=&#8221;4.23.1&#8243; _module_preset=&#8221;default&#8221; custom_padding=&#8221;20px||||false|false&#8221; global_colors_info=&#8221;{}&#8221;][et_pb_contact_form captcha=&#8221;off&#8221; title=&#8221;Contacter maintenant&#8221; custom_message=&#8221;Nom: %%Nom%%||et_pb_line_break_holder||E-mail : %%E-mail%%||et_pb_line_break_holder||T\u00e9l\u00e9phone: %%T\u00e9l\u00e9phone%%||et_pb_line_break_holder||Budget: %%Budget%%||et_pb_line_break_holder||Dur\u00e9e_du_voyage : %%Dur\u00e9e_du_voyage%%||et_pb_line_break_holder||Sujette: %%Sujette%%||et_pb_line_break_holder||message: %%message%%||et_pb_line_break_holder||||et_pb_line_break_holder||Thanks||et_pb_line_break_holder||&#8221; submit_button_text=&#8221;Envoyer maintenant&#8221; _builder_version=&#8221;4.23.1&#8243; _module_preset=&#8221;default&#8221; _unique_id=&#8221;ed088e96-babf-4641-990f-cbdea27fc112&#8243; form_field_text_color=&#8221;#000000&#8243; form_field_focus_text_color=&#8221;#000000&#8243; custom_button=&#8221;on&#8221; button_text_size=&#8221;15px&#8221; button_text_color=&#8221;#FFFFFF&#8221; button_bg_color=&#8221;gcid-5363e0e2-59a6-4c94-b570-8eaa8ffe1b08&#8243; button_border_width=&#8221;0px&#8221; button_icon=&#8221;&#x23;||divi||400&#8243; button_custom_padding=&#8221;12px|35px|12px|35px|true|true&#8221; locked=&#8221;off&#8221; global_colors_info=&#8221;{%22gcid-5363e0e2-59a6-4c94-b570-8eaa8ffe1b08%22:%91%22button_bg_color%22%93}&#8221;][et_pb_contact_field field_id=&#8221;Nom&#8221; field_title=&#8221;Nom&#8221; _builder_version=&#8221;4.23.1&#8243; global_colors_info=&#8221;{}&#8221; button_text_size__hover_enabled=&#8221;off&#8221; button_one_text_size__hover_enabled=&#8221;off&#8221; button_two_text_size__hover_enabled=&#8221;off&#8221; button_text_color__hover_enabled=&#8221;off&#8221; button_one_text_color__hover_enabled=&#8221;off&#8221; button_two_text_color__hover_enabled=&#8221;off&#8221; button_border_width__hover_enabled=&#8221;off&#8221; button_one_border_width__hover_enabled=&#8221;off&#8221; button_two_border_width__hover_enabled=&#8221;off&#8221; button_border_color__hover_enabled=&#8221;off&#8221; button_one_border_color__hover_enabled=&#8221;off&#8221; button_two_border_color__hover_enabled=&#8221;off&#8221; button_border_radius__hover_enabled=&#8221;off&#8221; button_one_border_radius__hover_enabled=&#8221;off&#8221; button_two_border_radius__hover_enabled=&#8221;off&#8221; button_letter_spacing__hover_enabled=&#8221;off&#8221; button_one_letter_spacing__hover_enabled=&#8221;off&#8221; button_two_letter_spacing__hover_enabled=&#8221;off&#8221; button_bg_color__hover_enabled=&#8221;off&#8221; button_one_bg_color__hover_enabled=&#8221;off&#8221; button_two_bg_color__hover_enabled=&#8221;off&#8221;][\/et_pb_contact_field][et_pb_contact_field field_id=&#8221;E-mail&#8221; field_title=&#8221;E-mail&#8221; field_type=&#8221;email&#8221; _builder_version=&#8221;4.23.1&#8243; global_colors_info=&#8221;{}&#8221; button_text_size__hover_enabled=&#8221;off&#8221; button_one_text_size__hover_enabled=&#8221;off&#8221; button_two_text_size__hover_enabled=&#8221;off&#8221; button_text_color__hover_enabled=&#8221;off&#8221; button_one_text_color__hover_enabled=&#8221;off&#8221; button_two_text_color__hover_enabled=&#8221;off&#8221; button_border_width__hover_enabled=&#8221;off&#8221; button_one_border_width__hover_enabled=&#8221;off&#8221; button_two_border_width__hover_enabled=&#8221;off&#8221; button_border_color__hover_enabled=&#8221;off&#8221; button_one_border_color__hover_enabled=&#8221;off&#8221; button_two_border_color__hover_enabled=&#8221;off&#8221; button_border_radius__hover_enabled=&#8221;off&#8221; button_one_border_radius__hover_enabled=&#8221;off&#8221; button_two_border_radius__hover_enabled=&#8221;off&#8221; button_letter_spacing__hover_enabled=&#8221;off&#8221; button_one_letter_spacing__hover_enabled=&#8221;off&#8221; button_two_letter_spacing__hover_enabled=&#8221;off&#8221; button_bg_color__hover_enabled=&#8221;off&#8221; button_one_bg_color__hover_enabled=&#8221;off&#8221; button_two_bg_color__hover_enabled=&#8221;off&#8221;][\/et_pb_contact_field][et_pb_contact_field field_id=&#8221;T\u00e9l\u00e9phone&#8221; field_title=&#8221;T\u00e9l\u00e9phone&#8221; _builder_version=&#8221;4.23.1&#8243; global_colors_info=&#8221;{}&#8221; button_text_size__hover_enabled=&#8221;off&#8221; button_one_text_size__hover_enabled=&#8221;off&#8221; button_two_text_size__hover_enabled=&#8221;off&#8221; button_text_color__hover_enabled=&#8221;off&#8221; button_one_text_color__hover_enabled=&#8221;off&#8221; button_two_text_color__hover_enabled=&#8221;off&#8221; button_border_width__hover_enabled=&#8221;off&#8221; button_one_border_width__hover_enabled=&#8221;off&#8221; button_two_border_width__hover_enabled=&#8221;off&#8221; button_border_color__hover_enabled=&#8221;off&#8221; button_one_border_color__hover_enabled=&#8221;off&#8221; button_two_border_color__hover_enabled=&#8221;off&#8221; button_border_radius__hover_enabled=&#8221;off&#8221; button_one_border_radius__hover_enabled=&#8221;off&#8221; button_two_border_radius__hover_enabled=&#8221;off&#8221; button_letter_spacing__hover_enabled=&#8221;off&#8221; button_one_letter_spacing__hover_enabled=&#8221;off&#8221; button_two_letter_spacing__hover_enabled=&#8221;off&#8221; button_bg_color__hover_enabled=&#8221;off&#8221; button_one_bg_color__hover_enabled=&#8221;off&#8221; button_two_bg_color__hover_enabled=&#8221;off&#8221;][\/et_pb_contact_field][et_pb_contact_field field_id=&#8221;Budget&#8221; field_title=&#8221;Budget&#8221; _builder_version=&#8221;4.23.1&#8243; global_colors_info=&#8221;{}&#8221; button_text_size__hover_enabled=&#8221;off&#8221; button_one_text_size__hover_enabled=&#8221;off&#8221; button_two_text_size__hover_enabled=&#8221;off&#8221; button_text_color__hover_enabled=&#8221;off&#8221; button_one_text_color__hover_enabled=&#8221;off&#8221; button_two_text_color__hover_enabled=&#8221;off&#8221; button_border_width__hover_enabled=&#8221;off&#8221; button_one_border_width__hover_enabled=&#8221;off&#8221; button_two_border_width__hover_enabled=&#8221;off&#8221; button_border_color__hover_enabled=&#8221;off&#8221; button_one_border_color__hover_enabled=&#8221;off&#8221; button_two_border_color__hover_enabled=&#8221;off&#8221; button_border_radius__hover_enabled=&#8221;off&#8221; button_one_border_radius__hover_enabled=&#8221;off&#8221; button_two_border_radius__hover_enabled=&#8221;off&#8221; button_letter_spacing__hover_enabled=&#8221;off&#8221; button_one_letter_spacing__hover_enabled=&#8221;off&#8221; button_two_letter_spacing__hover_enabled=&#8221;off&#8221; button_bg_color__hover_enabled=&#8221;off&#8221; button_one_bg_color__hover_enabled=&#8221;off&#8221; button_two_bg_color__hover_enabled=&#8221;off&#8221;][\/et_pb_contact_field][et_pb_contact_field field_id=&#8221;Dur\u00e9e_du_voyage&#8221; field_title=&#8221;Dur\u00e9e du voyage&#8221; _builder_version=&#8221;4.23.1&#8243; global_colors_info=&#8221;{}&#8221; button_text_size__hover_enabled=&#8221;off&#8221; button_one_text_size__hover_enabled=&#8221;off&#8221; button_two_text_size__hover_enabled=&#8221;off&#8221; button_text_color__hover_enabled=&#8221;off&#8221; button_one_text_color__hover_enabled=&#8221;off&#8221; button_two_text_color__hover_enabled=&#8221;off&#8221; button_border_width__hover_enabled=&#8221;off&#8221; button_one_border_width__hover_enabled=&#8221;off&#8221; button_two_border_width__hover_enabled=&#8221;off&#8221; button_border_color__hover_enabled=&#8221;off&#8221; button_one_border_color__hover_enabled=&#8221;off&#8221; button_two_border_color__hover_enabled=&#8221;off&#8221; button_border_radius__hover_enabled=&#8221;off&#8221; button_one_border_radius__hover_enabled=&#8221;off&#8221; button_two_border_radius__hover_enabled=&#8221;off&#8221; button_letter_spacing__hover_enabled=&#8221;off&#8221; button_one_letter_spacing__hover_enabled=&#8221;off&#8221; button_two_letter_spacing__hover_enabled=&#8221;off&#8221; button_bg_color__hover_enabled=&#8221;off&#8221; button_one_bg_color__hover_enabled=&#8221;off&#8221; button_two_bg_color__hover_enabled=&#8221;off&#8221;][\/et_pb_contact_field][et_pb_contact_field field_id=&#8221;Sujette&#8221; field_title=&#8221;Sujette&#8221; _builder_version=&#8221;4.23.1&#8243; global_colors_info=&#8221;{}&#8221; button_text_size__hover_enabled=&#8221;off&#8221; button_one_text_size__hover_enabled=&#8221;off&#8221; button_two_text_size__hover_enabled=&#8221;off&#8221; button_text_color__hover_enabled=&#8221;off&#8221; button_one_text_color__hover_enabled=&#8221;off&#8221; button_two_text_color__hover_enabled=&#8221;off&#8221; button_border_width__hover_enabled=&#8221;off&#8221; button_one_border_width__hover_enabled=&#8221;off&#8221; button_two_border_width__hover_enabled=&#8221;off&#8221; button_border_color__hover_enabled=&#8221;off&#8221; button_one_border_color__hover_enabled=&#8221;off&#8221; button_two_border_color__hover_enabled=&#8221;off&#8221; button_border_radius__hover_enabled=&#8221;off&#8221; button_one_border_radius__hover_enabled=&#8221;off&#8221; button_two_border_radius__hover_enabled=&#8221;off&#8221; button_letter_spacing__hover_enabled=&#8221;off&#8221; button_one_letter_spacing__hover_enabled=&#8221;off&#8221; button_two_letter_spacing__hover_enabled=&#8221;off&#8221; button_bg_color__hover_enabled=&#8221;off&#8221; button_one_bg_color__hover_enabled=&#8221;off&#8221; button_two_bg_color__hover_enabled=&#8221;off&#8221;][\/et_pb_contact_field][et_pb_contact_field field_id=&#8221;message&#8221; field_title=&#8221;message&#8221; field_type=&#8221;text&#8221; fullwidth_field=&#8221;on&#8221; _builder_version=&#8221;4.23.1&#8243; global_colors_info=&#8221;{}&#8221; button_text_size__hover_enabled=&#8221;off&#8221; button_one_text_size__hover_enabled=&#8221;off&#8221; button_two_text_size__hover_enabled=&#8221;off&#8221; button_text_color__hover_enabled=&#8221;off&#8221; button_one_text_color__hover_enabled=&#8221;off&#8221; button_two_text_color__hover_enabled=&#8221;off&#8221; button_border_width__hover_enabled=&#8221;off&#8221; button_one_border_width__hover_enabled=&#8221;off&#8221; button_two_border_width__hover_enabled=&#8221;off&#8221; button_border_color__hover_enabled=&#8221;off&#8221; button_one_border_color__hover_enabled=&#8221;off&#8221; button_two_border_color__hover_enabled=&#8221;off&#8221; button_border_radius__hover_enabled=&#8221;off&#8221; button_one_border_radius__hover_enabled=&#8221;off&#8221; button_two_border_radius__hover_enabled=&#8221;off&#8221; button_letter_spacing__hover_enabled=&#8221;off&#8221; button_one_letter_spacing__hover_enabled=&#8221;off&#8221; button_two_letter_spacing__hover_enabled=&#8221;off&#8221; button_bg_color__hover_enabled=&#8221;off&#8221; button_one_bg_color__hover_enabled=&#8221;off&#8221; button_two_bg_color__hover_enabled=&#8221;off&#8221;][\/et_pb_contact_field][\/et_pb_contact_form][\/et_pb_column][et_pb_column type=&#8221;1_2&#8243; _builder_version=&#8221;4.23.1&#8243; _module_preset=&#8221;default&#8221; global_colors_info=&#8221;{}&#8221;][et_pb_code _builder_version=&#8221;4.23.1&#8243; _module_preset=&#8221;default&#8221; border_width_all=&#8221;5px&#8221; border_color_all=&#8221;#FFFFFF&#8221; box_shadow_style=&#8221;preset1&#8243; global_colors_info=&#8221;{}&#8221;]<iframe src=\"https:\/\/www.google.com\/maps\/embed?pb=!1m18!1m12!1m3!1d2623.8977578215604!2d2.3754639754660074!3d48.87922559924137!2m3!1f0!2f0!3f0!3m2!1i1024!2i768!4f13.1!3m3!1m2!1s0x47e66ddced11b46b%3A0x20af4107e324bbc1!2s89%20Av.%20Secr%C3%A9tan%2C%2075019%20Paris%2C%20France!5e0!3m2!1sen!2s!4v1702991973114!5m2!1sen!2s\" width=\"600\" height=\"450\" style=\"border:0;\" allowfullscreen=\"\" loading=\"lazy\" referrerpolicy=\"no-referrer-when-downgrade\"><\/iframe>[\/et_pb_code][\/et_pb_column][\/et_pb_row][\/et_pb_section]<\/p>\n","protected":false},"excerpt":{"rendered":"<p>ENTRER EN CONTACT CONTACTEZ-NOUS89 Avenue Secretan Paris 75020+33 1 40 03 07 08info@jadvoyages.fr<\/p>\n","protected":false},"author":1,"featured_media":0,"parent":0,"menu_order":0,"comment_status":"closed","ping_status":"closed","template":"","meta":{"_et_pb_use_builder":"on","_et_pb_old_content":"","_et_gb_content_width":"","footnotes":""},"class_list":["post-27","page","type-page","status-publish","hentry"],"_links":{"self":[{"href":"https:\/\/jadvoyages.fr\/index.php\/wp-json\/wp\/v2\/pages\/27","targetHints":{"allow":["GET"]}}],"collection":[{"href":"https:\/\/jadvoyages.fr\/index.php\/wp-json\/wp\/v2\/pages"}],"about":[{"href":"https:\/\/jadvoyages.fr\/index.php\/wp-json\/wp\/v2\/types\/page"}],"author":[{"embeddable":true,"href":"https:\/\/jadvoyages.fr\/index.php\/wp-json\/wp\/v2\/users\/1"}],"replies":[{"embeddable":true,"href":"https:\/\/jadvoyages.fr\/index.php\/wp-json\/wp\/v2\/comments?post=27"}],"version-history":[{"count":4,"href":"https:\/\/jadvoyages.fr\/index.php\/wp-json\/wp\/v2\/pages\/27\/revisions"}],"predecessor-version":[{"id":5159,"href":"https:\/\/jadvoyages.fr\/index.php\/wp-json\/wp\/v2\/pages\/27\/revisions\/5159"}],"wp:attachment":[{"href":"https:\/\/jadvoyages.fr\/index.php\/wp-json\/wp\/v2\/media?parent=27"}],"curies":[{"name":"wp","href":"https:\/\/api.w.org\/{rel}","templated":true}]}}