{"id":5086,"date":"2023-12-18T16:26:42","date_gmt":"2023-12-18T15:26:42","guid":{"rendered":"https:\/\/jadvoyages.fr\/?page_id=5086"},"modified":"2023-12-19T16:46:35","modified_gmt":"2023-12-19T15:46:35","slug":"5086-2","status":"publish","type":"page","link":"https:\/\/jadvoyages.fr\/index.php\/5086-2\/","title":{"rendered":"Mentions l\u00e9gales"},"content":{"rendered":"<p>[et_pb_section fb_built=&#8221;1&#8243; _builder_version=&#8221;4.23.1&#8243; _module_preset=&#8221;default&#8221; global_colors_info=&#8221;{}&#8221; da_is_popup=&#8221;off&#8221; da_exit_intent=&#8221;off&#8221; da_has_close=&#8221;on&#8221; da_alt_close=&#8221;off&#8221; da_dark_close=&#8221;off&#8221; da_not_modal=&#8221;on&#8221; da_is_singular=&#8221;off&#8221; da_with_loader=&#8221;off&#8221; da_has_shadow=&#8221;on&#8221; da_disable_devices=&#8221;off|off|off&#8221;][et_pb_row _builder_version=&#8221;4.23.1&#8243; _module_preset=&#8221;default&#8221; global_colors_info=&#8221;{}&#8221;][et_pb_column type=&#8221;4_4&#8243; _builder_version=&#8221;4.23.1&#8243; _module_preset=&#8221;default&#8221; global_colors_info=&#8221;{}&#8221;][et_pb_text _builder_version=&#8221;4.23.1&#8243; _module_preset=&#8221;default&#8221; global_colors_info=&#8221;{}&#8221;]<\/p>\n<h1 _msthidden=\"1\" style=\"text-align: center;\"><strong _msttexthash=\"232180\" _msthash=\"508\"><\/strong><\/h1>\n<h1 _msthidden=\"1\" style=\"text-align: center;\"><strong _msttexthash=\"232180\" _msthash=\"508\">\u00a0 \u00a0 \u00a0 \u00a0 MENTIONS L<span>\u00c9<\/span>GALES<\/strong><\/h1>\n<p><span _msttexthash=\"1514981\" _msthash=\"417\">Ce site est de la propri\u00e9t\u00e9 Jad Voyage.<\/span><\/p>\n<p><span><\/span><\/p>\n<p>89 Avenue Secretan Paris\u00a075019<\/p>\n<p><span><\/span><\/p>\n<p><span><\/span><\/p>\n<p><span _msttexthash=\"187785\" _msthash=\"415\">T\u00e9l : 01 40 03 07 08<\/span><span><\/span><\/p>\n<p><span><\/span><\/p>\n<p><span _msttexthash=\"27344408\" _msthash=\"414\">Le prestataire assurant le stockage direct et permanent est : OVHSi\u00e8ge social : 2 rue Kellermann \u2013 59100 Roubaix \u2013 France<\/span><\/p>\n<p><span><\/span><\/p>\n<p><span><\/span><\/p>\n<p><span _msttexthash=\"2176915\" _msthash=\"413\">La soci\u00e9t\u00e9 Jad voyages respecte votre vie priv\u00e9e.<\/span><\/p>\n<p><span><\/span><\/p>\n<p><span><\/span><\/p>\n<p><span _msttexthash=\"8718957\" _msthash=\"412\">Aucune information saisie sur un formulaire du site n\u2019est enregistr\u00e9e.<\/span><\/p>\n<p><span><\/span><\/p>\n<p><span><\/span><\/p>\n<p><span _msttexthash=\"5954169\" _msthash=\"411\">Le seul formulaire contenu sur le site est utilis\u00e9 pour adresser un simple e-mail \u00e0 notre entreprise.<\/span><\/p>\n<p><span><\/span><\/p>\n<p><span><\/span><\/p>\n<p><span _msttexthash=\"7144891\" _msthash=\"410\">* Afin de r\u00e9pondre le plus efficacement \u00e0 vos demandes, votre nom et pr\u00e9nom sera utilis\u00e9e pour vous identifier,<\/span><\/p>\n<p><span><\/span><\/p>\n<p><span><\/span><\/p>\n<p><span _msttexthash=\"30560244\" _msthash=\"409\">votre adresse e-mail et num\u00e9ro de t\u00e9l\u00e9phone serviront \u00e0 vous r\u00e9pondre. Ces donn\u00e9es ne sont stock\u00e9es nule part si ce n\u2019est sur notre compte e-mail (e-mail envoy\u00e9 par le formulaire de contact).<\/span><\/p>\n<p><span><\/span><\/p>\n<p><span><\/span><\/p>\n<p><span _msttexthash=\"6976879\" _msthash=\"408\">* Si une suite est donn\u00e9e \u00e0 cet e-mail, votre num\u00e9ro de t\u00e9l\u00e9phone ainsi que nom et pr\u00e9nom seront enregistr\u00e9s<\/span><\/p>\n<p><span><\/span><\/p>\n<p><span _msttexthash=\"8951995\" _msthash=\"407\">jusqu\u2019\u00e0 aboutissement des interactions entre vous et notre entreprise, afin de pouvoir vous contacter facilement.<\/span><\/p>\n<p><span _msttexthash=\"2184897\" _msthash=\"406\">* Mode de transfert des donn\u00e9es \u00e0 des entreprises tierces:<\/span><\/p>\n<p><span _msttexthash=\"7672145\" _msthash=\"405\">Aucun. Vos donn\u00e9es ne sont transmises qu\u2019aux membres de notre entreprise.<\/span><\/p>\n<p><span><\/span><\/p>\n<p><span _msttexthash=\"6222424\" _msthash=\"404\">* Proc\u00e9dure mise en place pour modifier ou supprimer ces informations personnelles ou les d\u00e9sactiver:<\/span><\/p>\n<p><span><\/span><\/p>\n<p _msttexthash=\"12277304\" _msthash=\"403\">\u2013<span>\u00a0<\/span><span _istranslated=\"1\">Nous appeler au num\u00e9ro suivant : 01 40 03 07 08<\/span><br _istranslated=\"1\" \/><span _istranslated=\"1\">\u2013 Ou remplir le formulaire de contact en explicitant votre demande.<\/span><\/p>\n<p><span><\/span><\/p>\n<p><span><\/span><\/p>\n<p><span _msttexthash=\"1853839\" _msthash=\"402\">contact email direct : resa.jadvoyages@gmail.com<\/span><\/p>\n<p><span><\/span><\/p>\n<p><span><\/span><\/p>\n<p><span _msttexthash=\"1701180\" _msthash=\"401\">Notre entreprise vous remercie de votre confiance.\u00a0<\/span><\/p>\n<p>[\/et_pb_text][\/et_pb_column][\/et_pb_row][\/et_pb_section]<\/p>\n","protected":false},"excerpt":{"rendered":"<p>\u00a0 \u00a0 \u00a0 \u00a0 MENTIONS L\u00c9GALES Ce site est de la propri\u00e9t\u00e9 Jad Voyage. 89 Avenue Secretan Paris\u00a075019 T\u00e9l : 01 40 03 07 08 Le prestataire assurant le stockage direct et permanent est : OVHSi\u00e8ge social : 2 rue Kellermann \u2013 59100 Roubaix \u2013 France La soci\u00e9t\u00e9 Jad voyages respecte votre vie priv\u00e9e. Aucune [&hellip;]<\/p>\n","protected":false},"author":1,"featured_media":0,"parent":0,"menu_order":0,"comment_status":"closed","ping_status":"closed","template":"","meta":{"_et_pb_use_builder":"on","_et_pb_old_content":"","_et_gb_content_width":"","footnotes":""},"class_list":["post-5086","page","type-page","status-publish","hentry"],"_links":{"self":[{"href":"https:\/\/jadvoyages.fr\/index.php\/wp-json\/wp\/v2\/pages\/5086","targetHints":{"allow":["GET"]}}],"collection":[{"href":"https:\/\/jadvoyages.fr\/index.php\/wp-json\/wp\/v2\/pages"}],"about":[{"href":"https:\/\/jadvoyages.fr\/index.php\/wp-json\/wp\/v2\/types\/page"}],"author":[{"embeddable":true,"href":"https:\/\/jadvoyages.fr\/index.php\/wp-json\/wp\/v2\/users\/1"}],"replies":[{"embeddable":true,"href":"https:\/\/jadvoyages.fr\/index.php\/wp-json\/wp\/v2\/comments?post=5086"}],"version-history":[{"count":4,"href":"https:\/\/jadvoyages.fr\/index.php\/wp-json\/wp\/v2\/pages\/5086\/revisions"}],"predecessor-version":[{"id":5163,"href":"https:\/\/jadvoyages.fr\/index.php\/wp-json\/wp\/v2\/pages\/5086\/revisions\/5163"}],"wp:attachment":[{"href":"https:\/\/jadvoyages.fr\/index.php\/wp-json\/wp\/v2\/media?parent=5086"}],"curies":[{"name":"wp","href":"https:\/\/api.w.org\/{rel}","templated":true}]}}