{"id":5091,"date":"2023-12-18T16:42:46","date_gmt":"2023-12-18T15:42:46","guid":{"rendered":"https:\/\/jadvoyages.fr\/?page_id=5091"},"modified":"2023-12-18T16:44:16","modified_gmt":"2023-12-18T15:44:16","slug":"politique-de-cookies","status":"publish","type":"page","link":"https:\/\/jadvoyages.fr\/index.php\/politique-de-cookies\/","title":{"rendered":"POLITIQUE DE COOKIES"},"content":{"rendered":"<p>[et_pb_section fb_built=&#8221;1&#8243; theme_builder_area=&#8221;post_content&#8221; _builder_version=&#8221;4.23.1&#8243; _module_preset=&#8221;default&#8221;][et_pb_row _builder_version=&#8221;4.23.1&#8243; _module_preset=&#8221;default&#8221; theme_builder_area=&#8221;post_content&#8221;][et_pb_column _builder_version=&#8221;4.23.1&#8243; _module_preset=&#8221;default&#8221; type=&#8221;4_4&#8243; theme_builder_area=&#8221;post_content&#8221;][et_pb_text _builder_version=&#8221;4.23.1&#8243; _module_preset=&#8221;default&#8221; theme_builder_area=&#8221;post_content&#8221; hover_enabled=&#8221;0&#8243; sticky_enabled=&#8221;0&#8243;]<\/p>\n<h1 style=\"text-align: center;\"><strong><u _msttexthash=\"272896\" _msthash=\"381\">POLITIQUE DE COOKIES<\/u><\/strong><u><\/u><\/h1>\n<p><strong><u _msttexthash=\"272896\" _msthash=\"381\"><\/u><\/strong><\/p>\n<p><strong><u _msttexthash=\"272896\" _msthash=\"381\"><\/u><\/strong><\/p>\n<h2><strong _msttexthash=\"3443908\" _msthash=\"380\">Qu\u2019est-ce qu\u2019un \u00ab\u00a0cookie\u00a0\u00bb ?<\/strong><\/h2>\n<p _msttexthash=\"76445746\" _msthash=\"379\">Les cookies sont des donn\u00e9es stock\u00e9es dans l\u2019\u00e9quipement terminal d\u2019un internaute et utilis\u00e9es par le site pour envoyer des informations au navigateur de l\u2019internaute, et lui permettant de renvoyer des informations au site d\u2019origine.<\/p>\n<p _msttexthash=\"68281460\" _msthash=\"378\">Les cookies permettent de conserver, pendant la dur\u00e9e de validit\u00e9 du cookie concern\u00e9, des informations d\u2019\u00e9tat lorsqu\u2019un navigateur acc\u00e8de aux diff\u00e9rentes pages d\u2019un site web ou lorsque ce navigateur retourne ult\u00e9rieurement sur ce site.<\/p>\n<p _msttexthash=\"8226933\" _msthash=\"377\">Seul l\u2019\u00e9metteur d\u2019un cookie peut lire ou modifier les informations qui y sont contenues.<\/p>\n<p _msttexthash=\"1068990\" _msthash=\"376\">Il existe diff\u00e9rents types de cookies :<\/p>\n<ul>\n<li _msttexthash=\"3055923\" _msthash=\"374\">Des cookies de session qui disparaissent d\u00e8s que vous quittez le site ;<\/li>\n<li _msttexthash=\"48127807\" _msthash=\"375\">Des cookies permanents qui demeurent sur votre terminal jusqu\u2019\u00e0 expiration de leur dur\u00e9e de vie ou jusqu\u2019\u00e0 ce que vous les supprimiez \u00e0 l\u2019aide des fonctionnalit\u00e9s de votre navigateur.<\/li>\n<\/ul>\n<p>&nbsp;<\/p>\n<h2><strong _msttexthash=\"836316\" _msthash=\"373\">Finalit\u00e9s des cookies utilis\u00e9s<\/strong><\/h2>\n<p _msttexthash=\"1479257\" _msthash=\"372\">Certains cookies sont utilis\u00e9s par Jad Voyage :<\/p>\n<ul>\n<li _msttexthash=\"44696379\" _msthash=\"370\">Des cookies n\u00e9cessaires au bon fonctionnement du site internet : ils vous permettent d\u2019acc\u00e9der aux principales fonctionnalit\u00e9s du site. Sans cela, vous n\u2019aurez pas acc\u00e8s \u00e0 une navigation optimale.<\/li>\n<li _msttexthash=\"51978992\" _msthash=\"371\">Des cookies analytiques : ces cookies nous permettent d\u2019analyser la fr\u00e9quentation et l\u2019utilisation du site d\u2019internet afin de pouvoir l\u2019am\u00e9liorer si besoin.<\/li>\n<\/ul>\n<p>&nbsp;<\/p>\n<h2><strong _msttexthash=\"730847\" _msthash=\"369\">Quels cookies utilisons-nous ?<\/strong><\/h2>\n<p _msttexthash=\"12281724\" _msthash=\"368\">Les cookies utilis\u00e9s sur le site sont les cookies de tiers limitativement choisis par Jad Voayage dans le but de r\u00e9aliser des objectifs d\u00e9termin\u00e9s.<\/p>\n<p _msttexthash=\"2759250\" _msthash=\"367\">Jad Voyage utilise les services offerts par la soci\u00e9t\u00e9 Google Inc.<\/p>\n<p _msttexthash=\"10684609\" _msthash=\"366\">Les donn\u00e9es collect\u00e9es par l\u2019interm\u00e9diaire des cookies sont transmises et stock\u00e9es par la soci\u00e9t\u00e9 Google Inc.<\/p>\n<p _msttexthash=\"98193004\" _msthash=\"365\">Les services Google Analytics et Google Tags Manager permettent de comptabiliser les visiteurs et d\u2019identifier la mani\u00e8re dont ils utilisent le site. Ces cookies sont d\u00e9pos\u00e9s et lus sur l\u2019\u00e9quipement terminal de l\u2019utilisateur et d\u00e8s que celui-ci acc\u00e8de \u00e0 un site web utilisant le service \u00ab Google Analytics \u00bb.<\/p>\n<p _msttexthash=\"1698775\" _msthash=\"364\">Les donn\u00e9es g\u00e9n\u00e9r\u00e9es par ces cookies concernent :<\/p>\n<ul>\n<li _msttexthash=\"566891\" _msthash=\"362\">Votre utilisation du site ;<\/li>\n<li _msttexthash=\"26564629\" _msthash=\"363\">Votre adresse IP afin de d\u00e9terminer la ville de connexion. Cette donn\u00e9e est imm\u00e9diatement anonymis\u00e9e apr\u00e8s localisation et n\u2019est pas communiqu\u00e9e \u00e0 Jad Voyage.<\/li>\n<\/ul>\n<p _msttexthash=\"15838381\" _msthash=\"361\">Vous pouvez obtenir plus d\u2019informations sur le service Google Analytics en vous rendant \u00e0 la page\u00a0<a href=\"http:\/\/www.google.com\/analytics\/learn\/privacy.html\">http:\/\/www.google.com\/analytics\/learn\/privacy.html<\/a><\/p>\n<p _msttexthash=\"15838381\" _msthash=\"361\">\n<h2><strong _msttexthash=\"208767\" _msthash=\"360\">Consentement<\/strong><\/h2>\n<p _msttexthash=\"66670344\" _msthash=\"359\">Jad Voyage utilise des cookies \u00e0 la condition d\u2019avoir obtenu votre consentement pr\u00e9alable. Lors de votre premi\u00e8re visite sur le site internet, une banni\u00e8re appara\u00eet destin\u00e9e \u00e0 vous informer de l\u2019existence de cookies. Vous avez la possibilit\u00e9 de nous donner ou non votre consentement.<\/p>\n<p _msttexthash=\"13377078\" _msthash=\"358\">Vous avez \u00e9galement la possibilit\u00e9 de g\u00e9rer les cookies utilis\u00e9s sur le site, \u00e0 tout moment, en param\u00e9trant votre navigateur, comme d\u00e9taill\u00e9 ci-apr\u00e8s.<\/p>\n<p _msttexthash=\"26059761\" _msthash=\"357\">Le consentement est pr\u00e9vu \u00e0 l\u2019article 7 du R\u00e8glement g\u00e9n\u00e9ral sur la protection des donn\u00e9es du 27 avril 2016 qui est entr\u00e9 en vigueur le 25 mai 2018, dit RGPD. Le consentement doit \u00eatre<strong><em><span>\u00a0<\/span>libre, \u00e9clair\u00e9 et univoque<\/em><\/strong>.<\/p>\n<p _msttexthash=\"36154469\" _msthash=\"356\">Pour cela, d\u00e8s votre entr\u00e9e sur le site, il vous est donn\u00e9 la possibilit\u00e9 de choisir d\u2019accepter ou de refuser la lecture et le d\u00e9p\u00f4t des cookies sur votre terminal (que ce soit un ordinateur, une tablette ou un t\u00e9l\u00e9phone portable).<\/p>\n<p _msttexthash=\"13134290\" _msthash=\"355\">Si vous donnez votre accord, il sera possible \u00e0 tout moment de revenir sur votre d\u00e9cision en changeant les param\u00e8tres de vos cookies sur votre navigateur.<\/p>\n<p _msttexthash=\"19835517\" _msthash=\"354\">Tout inaction de votre part ou action n\u2019ayant pas un acte positif concernant le consentement, la fermeture du bandeau de cookie par exemple, est consid\u00e9r\u00e9 comme un refus.<\/p>\n<h2><strong _msttexthash=\"440960\" _msthash=\"353\">Dur\u00e9e de conservation<\/strong><\/h2>\n<p _msttexthash=\"26263497\" _msthash=\"352\">Conform\u00e9ment aux lignes directrices de la Cnil, les cookies sont conserv\u00e9s pour une dur\u00e9e maximale de treize mois. Les informations collect\u00e9es par les cookies sont conserv\u00e9es pour une dur\u00e9e maximale de ving-cinq mois.<\/p>\n<p _msttexthash=\"35690525\" _msthash=\"351\">Apr\u00e8s l\u2019expiration de la dur\u00e9e de vie du cookie, ou si vous supprimez volontairement le cookie, une banni\u00e8re r\u00e9appara\u00eetra lors de votre prochaine visite sur notre site internet et vous aurez de nouveau la possibilit\u00e9 de nous donner votre consentement.<\/p>\n<p _msttexthash=\"35690525\" _msthash=\"351\">\n<h2><strong _msttexthash=\"353262\" _msthash=\"350\">Gestion des cookies<\/strong><\/h2>\n<p _msttexthash=\"2534285\" _msthash=\"349\">Vous disposez de plusieurs options pour supprimer les cookies.<\/p>\n<p _msttexthash=\"95030923\" _msthash=\"348\">En effet, si la plupart des navigateurs sont param\u00e9tr\u00e9s par d\u00e9faut et acceptent l\u2019installation de cookies, vous avez la possibilit\u00e9, si vous le souhaitez, de choisir d\u2019accepter tous les cookies, ou de les rejeter syst\u00e9matiquement ou encore de choisir ceux que vous acceptez selon l\u2019\u00e9metteur.<\/p>\n<p _msttexthash=\"117511186\" _msthash=\"347\">Vous pouvez \u00e9galement param\u00e9trer votre navigateur pour accepter ou refuser au cas par cas les cookies pr\u00e9alablement \u00e0 leur installation. Vous pouvez \u00e9galement r\u00e9guli\u00e8rement supprimer les cookies de votre terminal via votre navigateur. N\u2019oubliez pas de param\u00e9trer l\u2019ensemble des navigateurs de vos diff\u00e9rents terminaux (tablettes, smartphones, ordinateurs).<\/p>\n<p _msttexthash=\"44709145\" _msthash=\"346\">Pour la gestion des cookies et de vos choix, la configuration de chaque navigateur est diff\u00e9rente. Elle est d\u00e9crite dans le menu d\u2019aide de votre navigateur, qui vous permettra de savoir de quelle mani\u00e8re modifier vos souhaits en mati\u00e8re de cookies.<\/p>\n<p _msttexthash=\"30078165\" _msthash=\"345\">Toutefois, nous vous informons qu\u2019en param\u00e9trant votre navigateur pour refuser les cookies, certaines fonctionnalit\u00e9s, pages, espaces du site ne seront pas accessibles, ce dont nous ne saurions pas \u00eatre responsables.<\/p>\n<p _msttexthash=\"111675564\" _msthash=\"344\">Nous attirons \u00e9galement votre attention sur le fait que, lorsque vous vous opposez \u00e0 l\u2019installation ou \u00e0 l\u2019utilisation d\u2019un cookie, un cookie de refus est install\u00e9 sur votre \u00e9quipement terminal. Si vous supprimez ce cookie de refus, il ne sera plus possible de vous identifier comme ayant refus\u00e9 l\u2019utilisation de cookies.<\/p>\n<p _msttexthash=\"23251930\" _msthash=\"343\">De m\u00eame, lorsque vous consentez \u00e0 l\u2019installation de cookies, un cookie de consentement est install\u00e9. Les cookies de consentement ou de refus doivent rester sur votre \u00e9quipement terminal.<\/p>\n<p _msttexthash=\"23251930\" _msthash=\"343\">\n<h2><strong _msttexthash=\"1050816\" _msthash=\"342\">Protection des donn\u00e9es personnelles<\/strong><\/h2>\n<p _msttexthash=\"65539006\" _msthash=\"341\">D\u2019apr\u00e8s le R\u00e8glement g\u00e9n\u00e9ral sur la protection des donn\u00e9es du 27 avril 2016 qui est entr\u00e9 en vigueur le 25 mai 2018, il est obligatoire pour le responsable de traitement d\u2019un site de veiller \u00e0 ce que les donn\u00e9es personnelles soient collect\u00e9es et trait\u00e9es conform\u00e9ment aux dispositions pr\u00e9vues par la loi.<\/p>\n<p _msttexthash=\"48140443\" _msthash=\"340\">Le R\u00e8glement g\u00e9n\u00e9ral sur la protection des donn\u00e9es du 27 avril 2016 qui est entr\u00e9 en vigueur le 25 mai 2018 exige donc que les donn\u00e9es personnelles ne soient collect\u00e9es exclusivement apr\u00e8s le consentement donn\u00e9 par l\u2019utilisateur.<\/p>\n<p _msttexthash=\"38824994\" _msthash=\"339\">Vous pouvez donc d\u00e9terminer si vous souhaitez que vos donn\u00e9es personnelles soient collect\u00e9es ou non sur le bandeau de cookie qui apparait sur la page d\u2019accueil lors de votre entr\u00e9e sur le site pour la premi\u00e8re fois.<\/p>\n<p _msttexthash=\"6389045\" _msthash=\"338\">Comme \u00e9voqu\u00e9, il est possible de modifier ce choix \u00e0 tout moment dans les param\u00e8tres de votre navigateur.<\/p>\n<p _msttexthash=\"11235679\" _msthash=\"337\">Nous vous renvoyons \u00e0 notre Politique de confidentialit\u00e9 pour plus d\u2019informations.<\/p>\n<p>[\/et_pb_text][\/et_pb_column][\/et_pb_row][\/et_pb_section]<\/p>\n","protected":false},"excerpt":{"rendered":"<p>POLITIQUE DE COOKIES Qu\u2019est-ce qu\u2019un \u00ab\u00a0cookie\u00a0\u00bb ? Les cookies sont des donn\u00e9es stock\u00e9es dans l\u2019\u00e9quipement terminal d\u2019un internaute et utilis\u00e9es par le site pour envoyer des informations au navigateur de l\u2019internaute, et lui permettant de renvoyer des informations au site d\u2019origine. Les cookies permettent de conserver, pendant la dur\u00e9e de validit\u00e9 du cookie concern\u00e9, des [&hellip;]<\/p>\n","protected":false},"author":1,"featured_media":0,"parent":0,"menu_order":0,"comment_status":"closed","ping_status":"closed","template":"","meta":{"_et_pb_use_builder":"on","_et_pb_old_content":"","_et_gb_content_width":"","footnotes":""},"class_list":["post-5091","page","type-page","status-publish","hentry"],"_links":{"self":[{"href":"https:\/\/jadvoyages.fr\/index.php\/wp-json\/wp\/v2\/pages\/5091","targetHints":{"allow":["GET"]}}],"collection":[{"href":"https:\/\/jadvoyages.fr\/index.php\/wp-json\/wp\/v2\/pages"}],"about":[{"href":"https:\/\/jadvoyages.fr\/index.php\/wp-json\/wp\/v2\/types\/page"}],"author":[{"embeddable":true,"href":"https:\/\/jadvoyages.fr\/index.php\/wp-json\/wp\/v2\/users\/1"}],"replies":[{"embeddable":true,"href":"https:\/\/jadvoyages.fr\/index.php\/wp-json\/wp\/v2\/comments?post=5091"}],"version-history":[{"count":3,"href":"https:\/\/jadvoyages.fr\/index.php\/wp-json\/wp\/v2\/pages\/5091\/revisions"}],"predecessor-version":[{"id":5095,"href":"https:\/\/jadvoyages.fr\/index.php\/wp-json\/wp\/v2\/pages\/5091\/revisions\/5095"}],"wp:attachment":[{"href":"https:\/\/jadvoyages.fr\/index.php\/wp-json\/wp\/v2\/media?parent=5091"}],"curies":[{"name":"wp","href":"https:\/\/api.w.org\/{rel}","templated":true}]}}